{"id":18659,"date":"2020-11-07T08:41:43","date_gmt":"2020-11-07T08:41:43","guid":{"rendered":"https:\/\/miskinsaat.com\/renovation-extension\/"},"modified":"2020-12-16T08:44:48","modified_gmt":"2020-12-16T08:44:48","slug":"renovation-extension","status":"publish","type":"page","link":"https:\/\/miskinsaat.com\/ar\/renovation-extension\/","title":{"rendered":"\u0627\u0644\u062a\u062d\u062f\u064a\u062b \u0648\u0627\u0644\u062a\u0648\u0633\u064a\u0639"},"content":{"rendered":"\t\t<div data-elementor-type=\"wp-page\" data-elementor-id=\"18659\" class=\"elementor elementor-18659\" data-elementor-settings=\"[]\">\n\t\t\t\t\t\t<div class=\"elementor-inner\">\n\t\t\t\t\t\t\t<div class=\"elementor-section-wrap\">\n\t\t\t\t\t\t\t<section class=\"elementor-section elementor-top-section elementor-element elementor-element-5b81e21 elementor-section-height-min-height animated-slow elementor-section-boxed elementor-section-height-default elementor-section-items-middle elementor-invisible\" data-id=\"5b81e21\" data-element_type=\"section\" data-settings=\"{&quot;background_background&quot;:&quot;classic&quot;,&quot;animation&quot;:&quot;fadeIn&quot;}\">\n\t\t\t\t\t\t\t<div class=\"elementor-background-overlay\"><\/div>\n\t\t\t\t\t\t\t<div class=\"elementor-container elementor-column-gap-default\">\n\t\t\t\t\t\t\t<div class=\"elementor-row\">\n\t\t\t\t\t<div class=\"elementor-column elementor-col-100 elementor-top-column elementor-element elementor-element-ad367f8\" data-id=\"ad367f8\" data-element_type=\"column\">\n\t\t\t<div class=\"elementor-column-wrap elementor-element-populated\">\n\t\t\t\t\t\t\t<div class=\"elementor-widget-wrap\">\n\t\t\t\t\t\t<div class=\"elementor-element elementor-element-0e7939f elementor-widget elementor-widget-heading\" data-id=\"0e7939f\" data-element_type=\"widget\" data-widget_type=\"heading.default\">\n\t\t\t\t<div class=\"elementor-widget-container\">\n\t\t\t<h1 class=\"elementor-heading-title elementor-size-default\">\u062a\u062d\u062f\u064a\u062b \u0648\u062a\u0648\u0633\u064a\u0639\n<\/h1>\t\t<\/div>\n\t\t\t\t<\/div>\n\t\t\t\t\t\t<\/div>\n\t\t\t\t\t<\/div>\n\t\t<\/div>\n\t\t\t\t\t\t\t\t<\/div>\n\t\t\t\t\t<\/div>\n\t\t<\/section>\n\t\t\t\t<section class=\"elementor-section elementor-top-section elementor-element elementor-element-09038dc elementor-section-boxed elementor-section-height-default elementor-section-height-default\" data-id=\"09038dc\" data-element_type=\"section\" data-settings=\"{&quot;background_background&quot;:&quot;classic&quot;}\">\n\t\t\t\t\t\t<div class=\"elementor-container elementor-column-gap-default\">\n\t\t\t\t\t\t\t<div class=\"elementor-row\">\n\t\t\t\t\t<div class=\"elementor-column elementor-col-100 elementor-top-column elementor-element elementor-element-65d2cd4\" data-id=\"65d2cd4\" data-element_type=\"column\">\n\t\t\t<div class=\"elementor-column-wrap elementor-element-populated\">\n\t\t\t\t\t\t\t<div class=\"elementor-widget-wrap\">\n\t\t\t\t\t\t<div class=\"elementor-element elementor-element-4b6c3e0 elementor-widget elementor-widget-spacer\" data-id=\"4b6c3e0\" data-element_type=\"widget\" data-widget_type=\"spacer.default\">\n\t\t\t\t<div class=\"elementor-widget-container\">\n\t\t\t\t\t<div class=\"elementor-spacer\">\n\t\t\t<div class=\"elementor-spacer-inner\"><\/div>\n\t\t<\/div>\n\t\t\t\t<\/div>\n\t\t\t\t<\/div>\n\t\t\t\t<div class=\"elementor-element elementor-element-69fe9b8 elementor-widget elementor-widget-text-editor\" data-id=\"69fe9b8\" data-element_type=\"widget\" data-widget_type=\"text-editor.default\">\n\t\t\t\t<div class=\"elementor-widget-container\">\n\t\t\t\t\t<div class=\"elementor-text-editor elementor-clearfix\"><div class=\"mkdf-row-grid-section-wrapper \"><div class=\"mkdf-row-grid-section\"><div class=\"vc_row wpb_row vc_row-fluid vc_custom_1556102851705 mkdf-row-light-btt-skin\"><div class=\"wpb_column vc_column_container vc_col-sm-12\"><div class=\"vc_column-inner\"><div class=\"wpb_wrapper\"><div class=\"mkdf-elements-holder   mkdf-three-columns  mkdf-responsive-mode-1024 \"><div class=\"mkdf-eh-item    \" data-item-class=\"mkdf-eh-custom-3807\" data-1367-1600=\"15px 44px 0 69px\" data-1025-1366=\"15px 0px 0 53px\" data-769-1024=\"0px 440px 22px 0px\" data-681-768=\"0px 280px 22px 0px\" data-680=\"0px 50px 22px 0px\"><div class=\"mkdf-eh-item-inner\"><div class=\"mkdf-eh-item-content mkdf-eh-custom-3807\"><div class=\"mkdf-iwt clearfix  mkdf-iwt-icon-top  mkdf-iwt-icon-medium\"><div class=\"mkdf-iwt-content\"><p class=\"mkdf-iwt-text\">\u0639\u0646\u062f\u0645\u0627 \u064a\u062d\u064a\u0646 \u0627\u0644\u0648\u0642\u062a \u0644\u0644\u062a\u063a\u064a\u064a\u0631 \u0648\u0625\u0636\u0641\u0627\u0621 \u062d\u064a\u0627\u0629 \u062c\u062f\u064a\u062f\u0629 \u0641\u064a \u0645\u0646\u0632\u0644\u0643 \u0627\u0644\u0642\u062f\u064a\u0645 \u0646\u0633\u062a\u0637\u064a\u0639 \u062a\u0642\u062f\u064a\u0645 \u0627\u0637\u0644\u0627\u0644\u0629 \u062c\u062f\u064a\u062f\u0629 \u0648\u0627\u062d\u0633\u0627\u0633 \u0645\u062a\u062c\u062f\u062f \u0644\u0644\u0645\u0646\u0627\u0632\u0644 \u0627\u0644\u0642\u062f\u064a\u0645\u0629 \u0633\u0648\u0627\u0621 \u0628\u0623\u0639\u0645\u0627\u0644 \u0627\u0644\u062a\u0648\u0633\u064a\u0639 \u0648\u0627\u0644\u062a\u0631\u0645\u064a\u0645 \u0627\u0644\u062c\u0632\u0626\u064a \u0623\u0648 \u0627\u0644\u0643\u0644\u064a. \u0646\u0647\u062f\u0641 \u0644\u062a\u062d\u0642\u064a\u0642 \u0645\u062a\u0637\u0644\u0628\u0627\u062a\u0643 \u0636\u0645\u0646 \u0627\u0644\u0645\u0647\u0644 \u0627\u0644\u0632\u0645\u0646\u064a\u0629 \u0648\u062f\u0648\u0646 \u062a\u062c\u0627\u0648\u0632 \u0627\u0644\u0645\u064a\u0632\u0627\u0646\u064a\u0629 \u0627\u0644\u0645\u0627\u0644\u064a\u0629<\/p><\/div><\/div><\/div><\/div><\/div><\/div><\/div><\/div><\/div><\/div><\/div><\/div><div class=\"mkdf-row-grid-section-wrapper \"><div class=\"mkdf-row-grid-section\"><div class=\"vc_row wpb_row vc_row-fluid vc_custom_1556102995046 mkdf-row-light-btt-skin\"><div class=\"wpb_column vc_column_container vc_col-sm-12\"><div class=\"vc_column-inner\"><div class=\"wpb_wrapper\"><div class=\"mkdf-elements-holder   mkdf-three-columns  mkdf-responsive-mode-1024 \"><div class=\"mkdf-eh-item    \" data-item-class=\"mkdf-eh-custom-2391\" data-1367-1600=\"0px 40px 0 73px\" data-1025-1366=\"0px 54px 0 0\" data-769-1024=\"0 440px 0 0\" data-681-768=\"0 280px 0 0\" data-680=\"0 50px 0 0\"><div class=\"mkdf-eh-item-inner\"><div class=\"mkdf-eh-item-content mkdf-eh-custom-2391\"><div class=\"mkdf-iwt clearfix  mkdf-iwt-icon-top  mkdf-iwt-icon-medium\">\u00a0<\/div><\/div><\/div><\/div><\/div><\/div><\/div><\/div><\/div><\/div><\/div><\/div>\n\t\t\t\t<\/div>\n\t\t\t\t<\/div>\n\t\t\t\t<div class=\"elementor-element elementor-element-fd5bb11 elementor-widget elementor-widget-spacer\" data-id=\"fd5bb11\" data-element_type=\"widget\" data-widget_type=\"spacer.default\">\n\t\t\t\t<div class=\"elementor-widget-container\">\n\t\t\t\t\t<div class=\"elementor-spacer\">\n\t\t\t<div class=\"elementor-spacer-inner\"><\/div>\n\t\t<\/div>\n\t\t\t\t<\/div>\n\t\t\t\t<\/div>\n\t\t\t\t\t\t<\/div>\n\t\t\t\t\t<\/div>\n\t\t<\/div>\n\t\t\t\t\t\t\t\t<\/div>\n\t\t\t\t\t<\/div>\n\t\t<\/section>\n\t\t\t\t\t\t<\/div>\n\t\t\t\t\t\t<\/div>\n\t\t\t\t\t<\/div>\n\t\t","protected":false},"excerpt":{"rendered":"<p>\u062a\u062d\u062f\u064a\u062b \u0648\u062a\u0648\u0633\u064a\u0639 \u0639\u0646\u062f\u0645\u0627 \u064a\u062d\u064a\u0646 \u0627\u0644\u0648\u0642\u062a \u0644\u0644\u062a\u063a\u064a\u064a\u0631 \u0648\u0625\u0636\u0641\u0627\u0621 \u062d\u064a\u0627\u0629 \u062c\u062f\u064a\u062f\u0629 \u0641\u064a \u0645\u0646\u0632\u0644\u0643 \u0627\u0644\u0642\u062f\u064a\u0645 \u0646\u0633\u062a\u0637\u064a\u0639 \u062a\u0642\u062f\u064a\u0645 \u0627\u0637\u0644\u0627\u0644\u0629 \u062c\u062f\u064a\u062f\u0629 \u0648\u0627\u062d\u0633\u0627\u0633 \u0645\u062a\u062c\u062f\u062f \u0644\u0644\u0645\u0646\u0627\u0632\u0644 \u0627\u0644\u0642\u062f\u064a\u0645\u0629 \u0633\u0648\u0627\u0621 \u0628\u0623\u0639\u0645\u0627\u0644 \u0627\u0644\u062a\u0648\u0633\u064a\u0639 \u0648\u0627\u0644\u062a\u0631\u0645\u064a\u0645 \u0627\u0644\u062c\u0632\u0626\u064a \u0623\u0648 \u0627\u0644\u0643\u0644\u064a. \u0646\u0647\u062f\u0641 \u0644\u062a\u062d\u0642\u064a\u0642 \u0645\u062a\u0637\u0644\u0628\u0627\u062a\u0643 \u0636\u0645\u0646 \u0627\u0644\u0645\u0647\u0644 \u0627\u0644\u0632\u0645\u0646\u064a\u0629 \u0648\u062f\u0648\u0646 \u062a\u062c\u0627\u0648\u0632 \u0627\u0644\u0645\u064a\u0632\u0627\u0646\u064a\u0629 \u0627\u0644\u0645\u0627\u0644\u064a\u0629 \u00a0<\/p>\n","protected":false},"author":1,"featured_media":0,"parent":0,"menu_order":0,"comment_status":"closed","ping_status":"closed","template":"elementor_header_footer","meta":[],"yoast_head":"<!-- This site is optimized with the Yoast SEO plugin v15.5 - https:\/\/yoast.com\/wordpress\/plugins\/seo\/ -->\n<title>\u062e\u062f\u0645\u0627\u062a \u0627\u0644\u062a\u062d\u062f\u064a\u062b \u0648\u0627\u0644\u062a\u0648\u0633\u064a\u0639 \u0645\u0646 Misk \u0130n\u015faat | Misk \u0130n\u015faat<\/title>\n<meta name=\"description\" content=\"\u0639\u0646\u062f\u0645\u0627 \u064a\u062d\u064a\u0646 \u0627\u0644\u0648\u0642\u062a \u0644\u0644\u062a\u063a\u064a\u064a\u0631 \u0646\u0633\u062a\u0637\u064a\u0639 \u062a\u0642\u062f\u064a\u0645 \u0627\u0637\u0644\u0627\u0644\u0629 \u062c\u062f\u064a\u062f\u0629 \u0648\u0627\u062d\u0633\u0627\u0633 \u0645\u062a\u062c\u062f\u062f \u0644\u0644\u0645\u0646\u0627\u0632\u0644 \u0627\u0644\u0642\u062f\u064a\u0645\u0629 \u0633\u0648\u0627\u0621 \u0628\u0623\u0639\u0645\u0627\u0644 \u0627\u0644\u062a\u0648\u0633\u064a\u0639 \u0648\u0627\u0644\u062a\u0631\u0645\u064a\u0645 \u0627\u0644\u062c\u0632\u0626\u064a \u0623\u0648 \u0627\u0644\u0643\u0644\u064a.\" \/>\n<meta name=\"robots\" content=\"index, follow, max-snippet:-1, max-image-preview:large, max-video-preview:-1\" \/>\n<link rel=\"canonical\" href=\"https:\/\/miskinsaat.com\/ar\/renovation-extension\/\" \/>\n<meta property=\"og:locale\" content=\"ar_AR\" \/>\n<meta property=\"og:type\" content=\"article\" \/>\n<meta property=\"og:title\" content=\"\u062e\u062f\u0645\u0627\u062a \u0627\u0644\u062a\u062d\u062f\u064a\u062b \u0648\u0627\u0644\u062a\u0648\u0633\u064a\u0639 \u0645\u0646 Misk \u0130n\u015faat | Misk \u0130n\u015faat\" \/>\n<meta property=\"og:description\" content=\"\u0639\u0646\u062f\u0645\u0627 \u064a\u062d\u064a\u0646 \u0627\u0644\u0648\u0642\u062a \u0644\u0644\u062a\u063a\u064a\u064a\u0631 \u0646\u0633\u062a\u0637\u064a\u0639 \u062a\u0642\u062f\u064a\u0645 \u0627\u0637\u0644\u0627\u0644\u0629 \u062c\u062f\u064a\u062f\u0629 \u0648\u0627\u062d\u0633\u0627\u0633 \u0645\u062a\u062c\u062f\u062f \u0644\u0644\u0645\u0646\u0627\u0632\u0644 \u0627\u0644\u0642\u062f\u064a\u0645\u0629 \u0633\u0648\u0627\u0621 \u0628\u0623\u0639\u0645\u0627\u0644 \u0627\u0644\u062a\u0648\u0633\u064a\u0639 \u0648\u0627\u0644\u062a\u0631\u0645\u064a\u0645 \u0627\u0644\u062c\u0632\u0626\u064a \u0623\u0648 \u0627\u0644\u0643\u0644\u064a.\" \/>\n<meta property=\"og:url\" content=\"https:\/\/miskinsaat.com\/ar\/renovation-extension\/\" \/>\n<meta property=\"og:site_name\" content=\"Misk \u0130n\u015faat\" \/>\n<meta property=\"article:publisher\" content=\"https:\/\/www.facebook.com\/miskinsaat\" \/>\n<meta property=\"article:modified_time\" content=\"2020-12-16T08:44:48+00:00\" \/>\n<meta name=\"twitter:card\" content=\"summary_large_image\" \/>\n<meta name=\"twitter:label1\" content=\"\u0648\u0642\u062a \u0627\u0644\u0642\u0631\u0627\u0621\u0629 \u0627\u0644\u0645\u064f\u0642\u062f\u0651\u0631\">\n\t<meta name=\"twitter:data1\" content=\"0 \u062f\u0642\u064a\u0642\u0629\">\n<script type=\"application\/ld+json\" class=\"yoast-schema-graph\">{\"@context\":\"https:\/\/schema.org\",\"@graph\":[{\"@type\":\"Organization\",\"@id\":\"https:\/\/miskinsaat.com\/#organization\",\"name\":\"Misk In\\u015faat\",\"url\":\"https:\/\/miskinsaat.com\/\",\"sameAs\":[\"https:\/\/www.facebook.com\/miskinsaat\",\"https:\/\/www.instagram.com\/misk_insaat\"],\"logo\":{\"@type\":\"ImageObject\",\"@id\":\"https:\/\/miskinsaat.com\/#logo\",\"inLanguage\":\"ar\",\"url\":\"https:\/\/miskinsaat.com\/wp-content\/uploads\/2020\/11\/Asset-1-8.png\",\"width\":805,\"height\":135,\"caption\":\"Misk In\\u015faat\"},\"image\":{\"@id\":\"https:\/\/miskinsaat.com\/#logo\"}},{\"@type\":\"WebSite\",\"@id\":\"https:\/\/miskinsaat.com\/#website\",\"url\":\"https:\/\/miskinsaat.com\/\",\"name\":\"Misk \\u0130n\\u015faat\",\"description\":\"\",\"publisher\":{\"@id\":\"https:\/\/miskinsaat.com\/#organization\"},\"potentialAction\":[{\"@type\":\"SearchAction\",\"target\":\"https:\/\/miskinsaat.com\/?s={search_term_string}\",\"query-input\":\"required name=search_term_string\"}],\"inLanguage\":\"ar\"},{\"@type\":\"WebPage\",\"@id\":\"https:\/\/miskinsaat.com\/ar\/renovation-extension\/#webpage\",\"url\":\"https:\/\/miskinsaat.com\/ar\/renovation-extension\/\",\"name\":\"\\u062e\\u062f\\u0645\\u0627\\u062a \\u0627\\u0644\\u062a\\u062d\\u062f\\u064a\\u062b \\u0648\\u0627\\u0644\\u062a\\u0648\\u0633\\u064a\\u0639 \\u0645\\u0646 Misk \\u0130n\\u015faat | Misk \\u0130n\\u015faat\",\"isPartOf\":{\"@id\":\"https:\/\/miskinsaat.com\/#website\"},\"datePublished\":\"2020-11-07T08:41:43+00:00\",\"dateModified\":\"2020-12-16T08:44:48+00:00\",\"description\":\"\\u0639\\u0646\\u062f\\u0645\\u0627 \\u064a\\u062d\\u064a\\u0646 \\u0627\\u0644\\u0648\\u0642\\u062a \\u0644\\u0644\\u062a\\u063a\\u064a\\u064a\\u0631 \\u0646\\u0633\\u062a\\u0637\\u064a\\u0639 \\u062a\\u0642\\u062f\\u064a\\u0645 \\u0627\\u0637\\u0644\\u0627\\u0644\\u0629 \\u062c\\u062f\\u064a\\u062f\\u0629 \\u0648\\u0627\\u062d\\u0633\\u0627\\u0633 \\u0645\\u062a\\u062c\\u062f\\u062f \\u0644\\u0644\\u0645\\u0646\\u0627\\u0632\\u0644 \\u0627\\u0644\\u0642\\u062f\\u064a\\u0645\\u0629 \\u0633\\u0648\\u0627\\u0621 \\u0628\\u0623\\u0639\\u0645\\u0627\\u0644 \\u0627\\u0644\\u062a\\u0648\\u0633\\u064a\\u0639 \\u0648\\u0627\\u0644\\u062a\\u0631\\u0645\\u064a\\u0645 \\u0627\\u0644\\u062c\\u0632\\u0626\\u064a \\u0623\\u0648 \\u0627\\u0644\\u0643\\u0644\\u064a.\",\"inLanguage\":\"ar\",\"potentialAction\":[{\"@type\":\"ReadAction\",\"target\":[\"https:\/\/miskinsaat.com\/ar\/renovation-extension\/\"]}]}]}<\/script>\n<!-- \/ Yoast SEO plugin. -->","_links":{"self":[{"href":"https:\/\/miskinsaat.com\/ar\/wp-json\/wp\/v2\/pages\/18659"}],"collection":[{"href":"https:\/\/miskinsaat.com\/ar\/wp-json\/wp\/v2\/pages"}],"about":[{"href":"https:\/\/miskinsaat.com\/ar\/wp-json\/wp\/v2\/types\/page"}],"author":[{"embeddable":true,"href":"https:\/\/miskinsaat.com\/ar\/wp-json\/wp\/v2\/users\/1"}],"replies":[{"embeddable":true,"href":"https:\/\/miskinsaat.com\/ar\/wp-json\/wp\/v2\/comments?post=18659"}],"version-history":[{"count":4,"href":"https:\/\/miskinsaat.com\/ar\/wp-json\/wp\/v2\/pages\/18659\/revisions"}],"predecessor-version":[{"id":18664,"href":"https:\/\/miskinsaat.com\/ar\/wp-json\/wp\/v2\/pages\/18659\/revisions\/18664"}],"wp:attachment":[{"href":"https:\/\/miskinsaat.com\/ar\/wp-json\/wp\/v2\/media?parent=18659"}],"curies":[{"name":"wp","href":"https:\/\/api.w.org\/{rel}","templated":true}]}}