{"id":18665,"date":"2020-11-07T08:44:33","date_gmt":"2020-11-07T08:44:33","guid":{"rendered":"https:\/\/miskinsaat.com\/smart-home-services\/"},"modified":"2020-12-16T08:51:38","modified_gmt":"2020-12-16T08:51:38","slug":"smart-home-services","status":"publish","type":"page","link":"https:\/\/miskinsaat.com\/ar\/smart-home-services\/","title":{"rendered":"\u0623\u062c\u0647\u0632\u0629 \u0627\u0644\u0645\u0646\u0627\u0632\u0644 \u0627\u0644\u0630\u0643\u064a\u0629"},"content":{"rendered":"\t\t<div data-elementor-type=\"wp-page\" data-elementor-id=\"18665\" class=\"elementor elementor-18665\" data-elementor-settings=\"[]\">\n\t\t\t\t\t\t<div class=\"elementor-inner\">\n\t\t\t\t\t\t\t<div class=\"elementor-section-wrap\">\n\t\t\t\t\t\t\t<section class=\"elementor-section elementor-top-section elementor-element elementor-element-5b81e21 elementor-section-height-min-height animated-slow elementor-section-boxed elementor-section-height-default elementor-section-items-middle elementor-invisible\" data-id=\"5b81e21\" data-element_type=\"section\" data-settings=\"{&quot;background_background&quot;:&quot;classic&quot;,&quot;animation&quot;:&quot;fadeIn&quot;}\">\n\t\t\t\t\t\t\t<div class=\"elementor-background-overlay\"><\/div>\n\t\t\t\t\t\t\t<div class=\"elementor-container elementor-column-gap-default\">\n\t\t\t\t\t\t\t<div class=\"elementor-row\">\n\t\t\t\t\t<div class=\"elementor-column elementor-col-100 elementor-top-column elementor-element elementor-element-ad367f8\" data-id=\"ad367f8\" data-element_type=\"column\">\n\t\t\t<div class=\"elementor-column-wrap elementor-element-populated\">\n\t\t\t\t\t\t\t<div class=\"elementor-widget-wrap\">\n\t\t\t\t\t\t<div class=\"elementor-element elementor-element-0e7939f elementor-widget elementor-widget-heading\" data-id=\"0e7939f\" data-element_type=\"widget\" data-widget_type=\"heading.default\">\n\t\t\t\t<div class=\"elementor-widget-container\">\n\t\t\t<h1 class=\"elementor-heading-title elementor-size-default\">\u0623\u062c\u0647\u0632\u0629 \u0627\u0644\u0645\u0646\u0627\u0632\u0644 \u0627\u0644\u0630\u0643\u064a\u0629<\/h1>\t\t<\/div>\n\t\t\t\t<\/div>\n\t\t\t\t\t\t<\/div>\n\t\t\t\t\t<\/div>\n\t\t<\/div>\n\t\t\t\t\t\t\t\t<\/div>\n\t\t\t\t\t<\/div>\n\t\t<\/section>\n\t\t\t\t<section class=\"elementor-section elementor-top-section elementor-element elementor-element-09038dc elementor-section-boxed elementor-section-height-default elementor-section-height-default\" data-id=\"09038dc\" data-element_type=\"section\" data-settings=\"{&quot;background_background&quot;:&quot;classic&quot;}\">\n\t\t\t\t\t\t<div class=\"elementor-container elementor-column-gap-default\">\n\t\t\t\t\t\t\t<div class=\"elementor-row\">\n\t\t\t\t\t<div class=\"elementor-column elementor-col-100 elementor-top-column elementor-element elementor-element-65d2cd4\" data-id=\"65d2cd4\" data-element_type=\"column\">\n\t\t\t<div class=\"elementor-column-wrap elementor-element-populated\">\n\t\t\t\t\t\t\t<div class=\"elementor-widget-wrap\">\n\t\t\t\t\t\t<div class=\"elementor-element elementor-element-4b6c3e0 elementor-widget elementor-widget-spacer\" data-id=\"4b6c3e0\" data-element_type=\"widget\" data-widget_type=\"spacer.default\">\n\t\t\t\t<div class=\"elementor-widget-container\">\n\t\t\t\t\t<div class=\"elementor-spacer\">\n\t\t\t<div class=\"elementor-spacer-inner\"><\/div>\n\t\t<\/div>\n\t\t\t\t<\/div>\n\t\t\t\t<\/div>\n\t\t\t\t<div class=\"elementor-element elementor-element-69fe9b8 elementor-widget elementor-widget-text-editor\" data-id=\"69fe9b8\" data-element_type=\"widget\" data-widget_type=\"text-editor.default\">\n\t\t\t\t<div class=\"elementor-widget-container\">\n\t\t\t\t\t<div class=\"elementor-text-editor elementor-clearfix\"><div class=\"mkdf-row-grid-section-wrapper \"><div class=\"mkdf-row-grid-section\"><div class=\"vc_row wpb_row vc_row-fluid vc_custom_1556102995046 mkdf-row-light-btt-skin\"><div class=\"wpb_column vc_column_container vc_col-sm-12\"><div class=\"vc_column-inner\"><div class=\"wpb_wrapper\"><div class=\"mkdf-elements-holder   mkdf-three-columns  mkdf-responsive-mode-1024 \"><div class=\"mkdf-eh-item    \" data-item-class=\"mkdf-eh-custom-2446\" data-1367-1600=\"0px 44px 0 70px\" data-1025-1366=\"0px 0px 0 53px\" data-769-1024=\"0 440px 0 1px\" data-681-768=\"0 280px 0 0px\" data-680=\"0 50px 0 0px\"><div class=\"mkdf-eh-item-inner\"><div class=\"mkdf-eh-item-content mkdf-eh-custom-2446\"><div class=\"mkdf-iwt clearfix  mkdf-iwt-icon-top  mkdf-iwt-icon-medium\"><div class=\"mkdf-iwt-content\"><p class=\"mkdf-iwt-text\">\u0644\u0644\u0632\u0628\u0627\u0626\u0646 \u0627\u0644\u0645\u0648\u0644\u0639\u064a\u0646 \u0628\u0627\u0644\u0627\u062a\u0635\u0627\u0644 \u0628\u0627\u0644\u0627\u0646\u062a\u0631\u0646\u064a\u062a \u0648\u0627\u0644\u062a\u062d\u0643\u0645 \u0639\u0646 \u0628\u0639\u062f \u0628\u0627\u062a\u0644\u0623\u062c\u0647\u0632\u0629 \u0627\u0644\u0630\u0643\u064a\u0629 \u0627\u0644\u0645\u0646\u0632\u0644\u064a\u0629. \u0645\u0646 \u0623\u0646\u0638\u0645\u0629 \u0627\u0644\u062a\u0643\u064a\u064a\u0641 \u0644\u0644\u0625\u0646\u0627\u0631\u0629 \u0648\u0627\u0646\u0638\u0645\u0629 \u0627\u0644\u062d\u0645\u0627\u064a\u0629 \u0648\u063a\u064a\u0631\u0647\u0627. \u0646\u0642\u062f\u0645 \u062d\u0644\u0648\u0644\u0627 \u0644\u0644\u0623\u062a\u0645\u062a\u0629 \u0648\u0627\u0644\u062a\u062d\u0643\u0645 \u0645\u0645\u0627 \u064a\u0633\u0645\u062d \u0644\u0644\u0634\u0627\u063a\u0644\u064a\u0646 \u0628\u0625\u062f\u0627\u0631\u0629 \u0627\u0644\u062a\u062c\u0647\u064a\u0632\u0627\u062a \u0628\u0644\u0645\u0633\u0629 \u0639\u0644\u0649 \u0627\u0644\u0623\u062c\u0647\u0632\u0629 \u0627\u0644\u0647\u0627\u062a\u0641\u064a\u0629 \u0627\u0644\u0630\u0643\u064a\u0629.<\/p><\/div><\/div><\/div><\/div><\/div><\/div><\/div><\/div><\/div><\/div><\/div><\/div><\/div>\n\t\t\t\t<\/div>\n\t\t\t\t<\/div>\n\t\t\t\t<div class=\"elementor-element elementor-element-fd5bb11 elementor-widget elementor-widget-spacer\" data-id=\"fd5bb11\" data-element_type=\"widget\" data-widget_type=\"spacer.default\">\n\t\t\t\t<div class=\"elementor-widget-container\">\n\t\t\t\t\t<div class=\"elementor-spacer\">\n\t\t\t<div class=\"elementor-spacer-inner\"><\/div>\n\t\t<\/div>\n\t\t\t\t<\/div>\n\t\t\t\t<\/div>\n\t\t\t\t\t\t<\/div>\n\t\t\t\t\t<\/div>\n\t\t<\/div>\n\t\t\t\t\t\t\t\t<\/div>\n\t\t\t\t\t<\/div>\n\t\t<\/section>\n\t\t\t\t\t\t<\/div>\n\t\t\t\t\t\t<\/div>\n\t\t\t\t\t<\/div>\n\t\t","protected":false},"excerpt":{"rendered":"<p>\u0623\u062c\u0647\u0632\u0629 \u0627\u0644\u0645\u0646\u0627\u0632\u0644 \u0627\u0644\u0630\u0643\u064a\u0629 \u0644\u0644\u0632\u0628\u0627\u0626\u0646 \u0627\u0644\u0645\u0648\u0644\u0639\u064a\u0646 \u0628\u0627\u0644\u0627\u062a\u0635\u0627\u0644 \u0628\u0627\u0644\u0627\u0646\u062a\u0631\u0646\u064a\u062a \u0648\u0627\u0644\u062a\u062d\u0643\u0645 \u0639\u0646 \u0628\u0639\u062f \u0628\u0627\u062a\u0644\u0623\u062c\u0647\u0632\u0629 \u0627\u0644\u0630\u0643\u064a\u0629 \u0627\u0644\u0645\u0646\u0632\u0644\u064a\u0629. \u0645\u0646 \u0623\u0646\u0638\u0645\u0629 \u0627\u0644\u062a\u0643\u064a\u064a\u0641 \u0644\u0644\u0625\u0646\u0627\u0631\u0629 \u0648\u0627\u0646\u0638\u0645\u0629 \u0627\u0644\u062d\u0645\u0627\u064a\u0629 \u0648\u063a\u064a\u0631\u0647\u0627. \u0646\u0642\u062f\u0645 \u062d\u0644\u0648\u0644\u0627 \u0644\u0644\u0623\u062a\u0645\u062a\u0629 \u0648\u0627\u0644\u062a\u062d\u0643\u0645 \u0645\u0645\u0627 \u064a\u0633\u0645\u062d \u0644\u0644\u0634\u0627\u063a\u0644\u064a\u0646 \u0628\u0625\u062f\u0627\u0631\u0629 \u0627\u0644\u062a\u062c\u0647\u064a\u0632\u0627\u062a \u0628\u0644\u0645\u0633\u0629 \u0639\u0644\u0649 \u0627\u0644\u0623\u062c\u0647\u0632\u0629 \u0627\u0644\u0647\u0627\u062a\u0641\u064a\u0629 \u0627\u0644\u0630\u0643\u064a\u0629.<\/p>\n","protected":false},"author":1,"featured_media":0,"parent":0,"menu_order":0,"comment_status":"closed","ping_status":"closed","template":"elementor_header_footer","meta":[],"yoast_head":"<!-- This site is optimized with the Yoast SEO plugin v15.5 - https:\/\/yoast.com\/wordpress\/plugins\/seo\/ -->\n<title>\u0623\u062c\u0647\u0632\u0629 \u0627\u0644\u0645\u0646\u0627\u0632\u0644 \u0627\u0644\u0630\u0643\u064a\u0629 \u0645\u0646 Misk \u0130n\u015faat | Misk \u0130n\u015faat<\/title>\n<meta name=\"description\" content=\"\u0623\u062c\u0647\u0632\u0629 \u0645\u0646\u0632\u0644\u064a\u0629 \u0645\u062a\u0635\u0644\u0629 \u0628\u0627\u0644\u0625\u0646\u062a\u0631\u0646\u062a \u0648\u064a\u062a\u0645 \u0627\u0644\u062a\u062d\u0643\u0645 \u0641\u064a\u0647\u0627 \u0644\u062a\u0634\u063a\u064a\u0644 \u0627\u0644\u0645\u0646\u0627\u0632\u0644 \u0628\u0634\u0643\u0644 \u0623\u0643\u062b\u0631 \u0630\u0643\u0627\u0621\u064b \u0648\u0643\u0641\u0627\u0621\u0629\" \/>\n<meta name=\"robots\" content=\"index, follow, max-snippet:-1, max-image-preview:large, max-video-preview:-1\" \/>\n<link rel=\"canonical\" href=\"https:\/\/miskinsaat.com\/ar\/smart-home-services\/\" \/>\n<meta property=\"og:locale\" content=\"ar_AR\" \/>\n<meta property=\"og:type\" content=\"article\" \/>\n<meta property=\"og:title\" content=\"\u0623\u062c\u0647\u0632\u0629 \u0627\u0644\u0645\u0646\u0627\u0632\u0644 \u0627\u0644\u0630\u0643\u064a\u0629 \u0645\u0646 Misk \u0130n\u015faat | Misk \u0130n\u015faat\" \/>\n<meta property=\"og:description\" content=\"\u0623\u062c\u0647\u0632\u0629 \u0645\u0646\u0632\u0644\u064a\u0629 \u0645\u062a\u0635\u0644\u0629 \u0628\u0627\u0644\u0625\u0646\u062a\u0631\u0646\u062a \u0648\u064a\u062a\u0645 \u0627\u0644\u062a\u062d\u0643\u0645 \u0641\u064a\u0647\u0627 \u0644\u062a\u0634\u063a\u064a\u0644 \u0627\u0644\u0645\u0646\u0627\u0632\u0644 \u0628\u0634\u0643\u0644 \u0623\u0643\u062b\u0631 \u0630\u0643\u0627\u0621\u064b \u0648\u0643\u0641\u0627\u0621\u0629\" \/>\n<meta property=\"og:url\" content=\"https:\/\/miskinsaat.com\/ar\/smart-home-services\/\" \/>\n<meta property=\"og:site_name\" content=\"Misk \u0130n\u015faat\" \/>\n<meta property=\"article:publisher\" content=\"https:\/\/www.facebook.com\/miskinsaat\" \/>\n<meta property=\"article:modified_time\" content=\"2020-12-16T08:51:38+00:00\" \/>\n<meta name=\"twitter:card\" content=\"summary_large_image\" \/>\n<meta name=\"twitter:label1\" content=\"\u0648\u0642\u062a \u0627\u0644\u0642\u0631\u0627\u0621\u0629 \u0627\u0644\u0645\u064f\u0642\u062f\u0651\u0631\">\n\t<meta name=\"twitter:data1\" content=\"0 \u062f\u0642\u064a\u0642\u0629\">\n<script type=\"application\/ld+json\" class=\"yoast-schema-graph\">{\"@context\":\"https:\/\/schema.org\",\"@graph\":[{\"@type\":\"Organization\",\"@id\":\"https:\/\/miskinsaat.com\/#organization\",\"name\":\"Misk In\\u015faat\",\"url\":\"https:\/\/miskinsaat.com\/\",\"sameAs\":[\"https:\/\/www.facebook.com\/miskinsaat\",\"https:\/\/www.instagram.com\/misk_insaat\"],\"logo\":{\"@type\":\"ImageObject\",\"@id\":\"https:\/\/miskinsaat.com\/#logo\",\"inLanguage\":\"ar\",\"url\":\"https:\/\/miskinsaat.com\/wp-content\/uploads\/2020\/11\/Asset-1-8.png\",\"width\":805,\"height\":135,\"caption\":\"Misk In\\u015faat\"},\"image\":{\"@id\":\"https:\/\/miskinsaat.com\/#logo\"}},{\"@type\":\"WebSite\",\"@id\":\"https:\/\/miskinsaat.com\/#website\",\"url\":\"https:\/\/miskinsaat.com\/\",\"name\":\"Misk \\u0130n\\u015faat\",\"description\":\"\",\"publisher\":{\"@id\":\"https:\/\/miskinsaat.com\/#organization\"},\"potentialAction\":[{\"@type\":\"SearchAction\",\"target\":\"https:\/\/miskinsaat.com\/?s={search_term_string}\",\"query-input\":\"required name=search_term_string\"}],\"inLanguage\":\"ar\"},{\"@type\":\"WebPage\",\"@id\":\"https:\/\/miskinsaat.com\/ar\/smart-home-services\/#webpage\",\"url\":\"https:\/\/miskinsaat.com\/ar\/smart-home-services\/\",\"name\":\"\\u0623\\u062c\\u0647\\u0632\\u0629 \\u0627\\u0644\\u0645\\u0646\\u0627\\u0632\\u0644 \\u0627\\u0644\\u0630\\u0643\\u064a\\u0629 \\u0645\\u0646 Misk \\u0130n\\u015faat | Misk \\u0130n\\u015faat\",\"isPartOf\":{\"@id\":\"https:\/\/miskinsaat.com\/#website\"},\"datePublished\":\"2020-11-07T08:44:33+00:00\",\"dateModified\":\"2020-12-16T08:51:38+00:00\",\"description\":\"\\u0623\\u062c\\u0647\\u0632\\u0629 \\u0645\\u0646\\u0632\\u0644\\u064a\\u0629 \\u0645\\u062a\\u0635\\u0644\\u0629 \\u0628\\u0627\\u0644\\u0625\\u0646\\u062a\\u0631\\u0646\\u062a \\u0648\\u064a\\u062a\\u0645 \\u0627\\u0644\\u062a\\u062d\\u0643\\u0645 \\u0641\\u064a\\u0647\\u0627 \\u0644\\u062a\\u0634\\u063a\\u064a\\u0644 \\u0627\\u0644\\u0645\\u0646\\u0627\\u0632\\u0644 \\u0628\\u0634\\u0643\\u0644 \\u0623\\u0643\\u062b\\u0631 \\u0630\\u0643\\u0627\\u0621\\u064b \\u0648\\u0643\\u0641\\u0627\\u0621\\u0629\",\"inLanguage\":\"ar\",\"potentialAction\":[{\"@type\":\"ReadAction\",\"target\":[\"https:\/\/miskinsaat.com\/ar\/smart-home-services\/\"]}]}]}<\/script>\n<!-- \/ Yoast SEO plugin. -->","_links":{"self":[{"href":"https:\/\/miskinsaat.com\/ar\/wp-json\/wp\/v2\/pages\/18665"}],"collection":[{"href":"https:\/\/miskinsaat.com\/ar\/wp-json\/wp\/v2\/pages"}],"about":[{"href":"https:\/\/miskinsaat.com\/ar\/wp-json\/wp\/v2\/types\/page"}],"author":[{"embeddable":true,"href":"https:\/\/miskinsaat.com\/ar\/wp-json\/wp\/v2\/users\/1"}],"replies":[{"embeddable":true,"href":"https:\/\/miskinsaat.com\/ar\/wp-json\/wp\/v2\/comments?post=18665"}],"version-history":[{"count":4,"href":"https:\/\/miskinsaat.com\/ar\/wp-json\/wp\/v2\/pages\/18665\/revisions"}],"predecessor-version":[{"id":18669,"href":"https:\/\/miskinsaat.com\/ar\/wp-json\/wp\/v2\/pages\/18665\/revisions\/18669"}],"wp:attachment":[{"href":"https:\/\/miskinsaat.com\/ar\/wp-json\/wp\/v2\/media?parent=18665"}],"curies":[{"name":"wp","href":"https:\/\/api.w.org\/{rel}","templated":true}]}}