{"id":19462,"date":"2021-03-28T10:34:30","date_gmt":"2021-03-28T10:34:30","guid":{"rendered":"https:\/\/miskinsaat.com\/?page_id=19462"},"modified":"2021-03-28T11:55:40","modified_gmt":"2021-03-28T11:55:40","slug":"citizenship1","status":"publish","type":"page","link":"https:\/\/miskinsaat.com\/ar\/citizenship1\/","title":{"rendered":"\u0637\u0631\u0642 \u0627\u0644\u062d\u0635\u0648\u0644 \u0639\u0644\u0649 \u0627\u0644\u062c\u0646\u0633\u064a\u0629 \u0627\u0644\u062a\u0631\u0643\u064a\u0629"},"content":{"rendered":"\t\t<div data-elementor-type=\"wp-page\" data-elementor-id=\"19462\" class=\"elementor elementor-19462\" data-elementor-settings=\"[]\">\n\t\t\t\t\t\t<div class=\"elementor-inner\">\n\t\t\t\t\t\t\t<div class=\"elementor-section-wrap\">\n\t\t\t\t\t\t\t<section class=\"elementor-section elementor-top-section elementor-element elementor-element-5b81e21 elementor-section-height-min-height animated-slow elementor-section-boxed elementor-section-height-default elementor-section-items-middle elementor-invisible\" data-id=\"5b81e21\" data-element_type=\"section\" data-settings=\"{&quot;background_background&quot;:&quot;classic&quot;,&quot;animation&quot;:&quot;fadeIn&quot;}\">\n\t\t\t\t\t\t\t<div class=\"elementor-background-overlay\"><\/div>\n\t\t\t\t\t\t\t<div class=\"elementor-container elementor-column-gap-default\">\n\t\t\t\t\t\t\t<div class=\"elementor-row\">\n\t\t\t\t\t<div class=\"elementor-column elementor-col-100 elementor-top-column elementor-element elementor-element-ad367f8\" data-id=\"ad367f8\" data-element_type=\"column\">\n\t\t\t<div class=\"elementor-column-wrap elementor-element-populated\">\n\t\t\t\t\t\t\t<div class=\"elementor-widget-wrap\">\n\t\t\t\t\t\t<div class=\"elementor-element elementor-element-0e7939f elementor-widget elementor-widget-heading\" data-id=\"0e7939f\" data-element_type=\"widget\" data-widget_type=\"heading.default\">\n\t\t\t\t<div class=\"elementor-widget-container\">\n\t\t\t<h1 class=\"elementor-heading-title elementor-size-default\">\u0637\u0631\u0642 \u0627\u0644\u062d\u0635\u0648\u0644 \u0639\u0644\u064a \u0627\u0644\u062c\u0646\u0633\u064a\u0629 \u0627\u0644\u062a\u0631\u0643\u064a\u0629<\/h1>\t\t<\/div>\n\t\t\t\t<\/div>\n\t\t\t\t\t\t<\/div>\n\t\t\t\t\t<\/div>\n\t\t<\/div>\n\t\t\t\t\t\t\t\t<\/div>\n\t\t\t\t\t<\/div>\n\t\t<\/section>\n\t\t\t\t<section class=\"elementor-section elementor-top-section elementor-element elementor-element-75266e5 elementor-section-boxed elementor-section-height-default elementor-section-height-default\" data-id=\"75266e5\" data-element_type=\"section\">\n\t\t\t\t\t\t<div class=\"elementor-container elementor-column-gap-default\">\n\t\t\t\t\t\t\t<div class=\"elementor-row\">\n\t\t\t\t\t<div class=\"elementor-column elementor-col-100 elementor-top-column elementor-element elementor-element-3cd93c6\" data-id=\"3cd93c6\" data-element_type=\"column\">\n\t\t\t<div class=\"elementor-column-wrap elementor-element-populated\">\n\t\t\t\t\t\t\t<div class=\"elementor-widget-wrap\">\n\t\t\t\t\t\t<div class=\"elementor-element elementor-element-1a3a7b0 elementor-widget elementor-widget-spacer\" data-id=\"1a3a7b0\" data-element_type=\"widget\" data-widget_type=\"spacer.default\">\n\t\t\t\t<div class=\"elementor-widget-container\">\n\t\t\t\t\t<div class=\"elementor-spacer\">\n\t\t\t<div class=\"elementor-spacer-inner\"><\/div>\n\t\t<\/div>\n\t\t\t\t<\/div>\n\t\t\t\t<\/div>\n\t\t\t\t<div class=\"elementor-element elementor-element-0f807f2 elementor-widget elementor-widget-text-editor\" data-id=\"0f807f2\" data-element_type=\"widget\" data-widget_type=\"text-editor.default\">\n\t\t\t\t<div class=\"elementor-widget-container\">\n\t\t\t\t\t<div class=\"elementor-text-editor elementor-clearfix\"><div style=\"color: #37404d; font-family: Tajawal, sans-serif; font-size: 18.4px; background-color: #ffffff; text-align: justify;\">\u0628\u0639\u062f \u0627\u0644\u062a\u0639\u062f\u064a\u0644 \u0627\u0644\u0623\u062e\u064a\u0631 \u0627\u0644\u0630\u064a \u0623\u0635\u062f\u0631\u062a\u0647 \u0627\u0644\u062d\u0643\u0648\u0645\u0629 \u0627\u0644\u062a\u0631\u0643\u064a\u0629 \u0641\u064a \u0627\u0644\u0639\u0627\u0645 2018 \u0639\u0644\u0649 \u0642\u0631\u0627\u0631 \u0627\u0644\u062a\u062c\u0646\u064a\u0633\u060c \u0623\u0635\u0628\u062d \u0628\u0627\u0644\u0625\u0645\u0643\u0627\u0646 \u0627\u0644\u062d\u0635\u0648\u0644 \u0639\u0644\u0649 \u0627\u0644\u062c\u0646\u0633\u064a\u0629 \u0627\u0644\u062a\u0631\u0643\u064a\u0629 \u0628\u0635\u0648\u0631\u0629 \u0623\u0633\u0647\u0644 \u0648\u0628\u0639\u062f\u0629 \u0637\u0631\u0642 \u0645\u0646\u0647\u0627 \u0627\u0644\u062a\u0645\u0644\u0643 \u0627\u0644\u0639\u0642\u0627\u0631\u064a \u0648\u0627\u0644\u0627\u0633\u062a\u062b\u0645\u0627\u0631 \u0648\u0627\u0644\u0625\u064a\u062f\u0627\u0639 \u0627\u0644\u0628\u0646\u0643\u064a.<\/div><div>\u00a0<\/div><\/div>\n\t\t\t\t<\/div>\n\t\t\t\t<\/div>\n\t\t\t\t\t\t<\/div>\n\t\t\t\t\t<\/div>\n\t\t<\/div>\n\t\t\t\t\t\t\t\t<\/div>\n\t\t\t\t\t<\/div>\n\t\t<\/section>\n\t\t\t\t<section class=\"elementor-section elementor-top-section elementor-element elementor-element-a091cf8 elementor-section-boxed elementor-section-height-default elementor-section-height-default\" data-id=\"a091cf8\" data-element_type=\"section\">\n\t\t\t\t\t\t<div class=\"elementor-container elementor-column-gap-default\">\n\t\t\t\t\t\t\t<div class=\"elementor-row\">\n\t\t\t\t\t<div class=\"elementor-column elementor-col-50 elementor-top-column elementor-element elementor-element-4d14ec5\" data-id=\"4d14ec5\" data-element_type=\"column\">\n\t\t\t<div class=\"elementor-column-wrap elementor-element-populated\">\n\t\t\t\t\t\t\t<div class=\"elementor-widget-wrap\">\n\t\t\t\t\t\t<div class=\"elementor-element elementor-element-98bd063 elementor-widget elementor-widget-spacer\" data-id=\"98bd063\" data-element_type=\"widget\" data-widget_type=\"spacer.default\">\n\t\t\t\t<div class=\"elementor-widget-container\">\n\t\t\t\t\t<div class=\"elementor-spacer\">\n\t\t\t<div class=\"elementor-spacer-inner\"><\/div>\n\t\t<\/div>\n\t\t\t\t<\/div>\n\t\t\t\t<\/div>\n\t\t\t\t<div class=\"elementor-element elementor-element-f06c69d elementor-widget elementor-widget-text-editor\" data-id=\"f06c69d\" data-element_type=\"widget\" data-widget_type=\"text-editor.default\">\n\t\t\t\t<div class=\"elementor-widget-container\">\n\t\t\t\t\t<div class=\"elementor-text-editor elementor-clearfix\"><h3>\u0627\u0644\u0627\u0633\u062a\u062b\u0645\u0627\u0631 \u0627\u0644\u0639\u0642\u0627\u0631\u064a<\/h3><\/div>\n\t\t\t\t<\/div>\n\t\t\t\t<\/div>\n\t\t\t\t<div class=\"elementor-element elementor-element-4f3ff7c elementor-widget elementor-widget-text-editor\" data-id=\"4f3ff7c\" data-element_type=\"widget\" data-widget_type=\"text-editor.default\">\n\t\t\t\t<div class=\"elementor-widget-container\">\n\t\t\t\t\t<div class=\"elementor-text-editor elementor-clearfix\"><p>\u0648\u0630\u0644\u0643 \u0639\u0646 \u0637\u0631\u064a\u0642 \u0634\u0631\u0627\u0621 \u0639\u0642\u0627\u0631 \u0628\u0642\u064a\u0645\u0629 \u062a\u0632\u064a\u062f \u0639\u0646 250 \u0623\u0644\u0641 \u062f\u0648\u0644\u0627\u0631 \u0623\u0645\u0631\u064a\u0643\u064a\u060c \u0628\u0634\u0631\u0637 \u0639\u062f\u0645 \u0628\u064a\u0639 \u0627\u0644\u0639\u0642\u0627\u0631 \u0644\u0645\u062f\u0629 3 \u0633\u0646\u0648\u0627\u062a<\/p><\/div>\n\t\t\t\t<\/div>\n\t\t\t\t<\/div>\n\t\t\t\t<div class=\"elementor-element elementor-element-4c3319a elementor-widget elementor-widget-spacer\" data-id=\"4c3319a\" data-element_type=\"widget\" data-widget_type=\"spacer.default\">\n\t\t\t\t<div class=\"elementor-widget-container\">\n\t\t\t\t\t<div class=\"elementor-spacer\">\n\t\t\t<div class=\"elementor-spacer-inner\"><\/div>\n\t\t<\/div>\n\t\t\t\t<\/div>\n\t\t\t\t<\/div>\n\t\t\t\t<div class=\"elementor-element elementor-element-bffa4ca elementor-widget elementor-widget-text-editor\" data-id=\"bffa4ca\" data-element_type=\"widget\" data-widget_type=\"text-editor.default\">\n\t\t\t\t<div class=\"elementor-widget-container\">\n\t\t\t\t\t<div class=\"elementor-text-editor elementor-clearfix\"><h3>\u0627\u0644\u0627\u0633\u062a\u062b\u0645\u0627\u0631 \u0641\u064a \u062a\u0631\u0643\u064a\u0627<\/h3><\/div>\n\t\t\t\t<\/div>\n\t\t\t\t<\/div>\n\t\t\t\t\t\t<\/div>\n\t\t\t\t\t<\/div>\n\t\t<\/div>\n\t\t\t\t<div class=\"elementor-column elementor-col-50 elementor-top-column elementor-element elementor-element-9211319\" data-id=\"9211319\" data-element_type=\"column\">\n\t\t\t<div class=\"elementor-column-wrap elementor-element-populated\">\n\t\t\t\t\t\t\t<div class=\"elementor-widget-wrap\">\n\t\t\t\t\t\t<div class=\"elementor-element elementor-element-a175ad9 elementor-widget elementor-widget-image\" data-id=\"a175ad9\" data-element_type=\"widget\" data-widget_type=\"image.default\">\n\t\t\t\t<div class=\"elementor-widget-container\">\n\t\t\t\t\t<div class=\"elementor-image\">\n\t\t\t\t\t\t\t\t\t\t<img width=\"770\" height=\"405\" src=\"https:\/\/miskinsaat.com\/wp-content\/uploads\/2021\/03\/01-6.jpg\" class=\"attachment-full size-full\" alt=\"\" loading=\"lazy\" srcset=\"https:\/\/miskinsaat.com\/wp-content\/uploads\/2021\/03\/01-6.jpg 770w, https:\/\/miskinsaat.com\/wp-content\/uploads\/2021\/03\/01-6-300x158.jpg 300w, https:\/\/miskinsaat.com\/wp-content\/uploads\/2021\/03\/01-6-768x404.jpg 768w, https:\/\/miskinsaat.com\/wp-content\/uploads\/2021\/03\/01-6-496x261.jpg 496w\" sizes=\"(max-width: 770px) 100vw, 770px\" \/>\t\t\t\t\t\t\t\t\t\t\t<\/div>\n\t\t\t\t<\/div>\n\t\t\t\t<\/div>\n\t\t\t\t\t\t<\/div>\n\t\t\t\t\t<\/div>\n\t\t<\/div>\n\t\t\t\t\t\t\t\t<\/div>\n\t\t\t\t\t<\/div>\n\t\t<\/section>\n\t\t\t\t<section class=\"elementor-section elementor-top-section elementor-element elementor-element-39e254c elementor-section-boxed elementor-section-height-default elementor-section-height-default\" data-id=\"39e254c\" data-element_type=\"section\">\n\t\t\t\t\t\t<div class=\"elementor-container elementor-column-gap-default\">\n\t\t\t\t\t\t\t<div class=\"elementor-row\">\n\t\t\t\t\t<div class=\"elementor-column elementor-col-100 elementor-top-column elementor-element elementor-element-5034a87\" data-id=\"5034a87\" data-element_type=\"column\">\n\t\t\t<div class=\"elementor-column-wrap elementor-element-populated\">\n\t\t\t\t\t\t\t<div class=\"elementor-widget-wrap\">\n\t\t\t\t\t\t<div class=\"elementor-element elementor-element-3ad2bd0 elementor-widget elementor-widget-text-editor\" data-id=\"3ad2bd0\" data-element_type=\"widget\" data-widget_type=\"text-editor.default\">\n\t\t\t\t<div class=\"elementor-widget-container\">\n\t\t\t\t\t<div class=\"elementor-text-editor elementor-clearfix\"><p>\u064a\u0645\u0643\u0646 \u0627\u0644\u062d\u0635\u0648\u0644 \u0639\u0644\u0649 \u0627\u0644\u062c\u0646\u0633\u064a\u0629 \u0627\u0644\u062a\u0631\u0643\u064a\u0629 \u0645\u0646 \u062e\u0644\u0627\u0644 \u0627\u0633\u062a\u062b\u0645\u0627\u0631 \u0641\u064a \u062a\u0631\u0643\u064a\u0627 \u0628\u0631\u0623\u0633 \u0645\u0627\u0644 \u0644\u0627 \u064a\u0642\u0644 \u0639\u0646 500 \u0623\u0644\u0641 \u062f\u0648\u0644\u0627\u0631 \u0623\u0645\u0631\u064a\u0643\u064a.<\/p><\/div>\n\t\t\t\t<\/div>\n\t\t\t\t<\/div>\n\t\t\t\t<div class=\"elementor-element elementor-element-f321c53 elementor-widget elementor-widget-text-editor\" data-id=\"f321c53\" data-element_type=\"widget\" data-widget_type=\"text-editor.default\">\n\t\t\t\t<div class=\"elementor-widget-container\">\n\t\t\t\t\t<div class=\"elementor-text-editor elementor-clearfix\"><h3>\u0627\u0644\u0625\u064a\u062f\u0627\u0639 \u0627\u0644\u0628\u0646\u0643\u064a<\/h3><\/div>\n\t\t\t\t<\/div>\n\t\t\t\t<\/div>\n\t\t\t\t<div class=\"elementor-element elementor-element-18b446c elementor-widget elementor-widget-text-editor\" data-id=\"18b446c\" data-element_type=\"widget\" data-widget_type=\"text-editor.default\">\n\t\t\t\t<div class=\"elementor-widget-container\">\n\t\t\t\t\t<div class=\"elementor-text-editor elementor-clearfix\"><p>\u0648\u0630\u0644\u0643 \u0639\u0646 \u0637\u0631\u064a\u0642 \u0625\u064a\u062f\u0627\u0639 500 \u0623\u0644\u0641 \u062f\u0648\u0644\u0627\u0631 \u0623\u0645\u0631\u064a\u0643\u064a &#8220;\u0639\u0644\u0649 \u0627\u0644\u0623\u0642\u0644&#8221; \u0641\u064a \u0623\u062d\u062f \u0627\u0644\u0628\u0646\u0648\u0643 \u0627\u0644\u062a\u0631\u0643\u064a\u0629 \u0644\u0645\u062f\u0629 3 \u0633\u0646\u0648\u0627\u062a.<\/p><\/div>\n\t\t\t\t<\/div>\n\t\t\t\t<\/div>\n\t\t\t\t<div class=\"elementor-element elementor-element-d31da35 elementor-widget elementor-widget-text-editor\" data-id=\"d31da35\" data-element_type=\"widget\" data-widget_type=\"text-editor.default\">\n\t\t\t\t<div class=\"elementor-widget-container\">\n\t\t\t\t\t<div class=\"elementor-text-editor elementor-clearfix\"><\/div>\n\t\t\t\t<\/div>\n\t\t\t\t<\/div>\n\t\t\t\t<div class=\"elementor-element elementor-element-648da84 elementor-widget elementor-widget-text-editor\" data-id=\"648da84\" data-element_type=\"widget\" data-widget_type=\"text-editor.default\">\n\t\t\t\t<div class=\"elementor-widget-container\">\n\t\t\t\t\t<div class=\"elementor-text-editor elementor-clearfix\"><\/div>\n\t\t\t\t<\/div>\n\t\t\t\t<\/div>\n\t\t\t\t\t\t<\/div>\n\t\t\t\t\t<\/div>\n\t\t<\/div>\n\t\t\t\t\t\t\t\t<\/div>\n\t\t\t\t\t<\/div>\n\t\t<\/section>\n\t\t\t\t\t\t<\/div>\n\t\t\t\t\t\t<\/div>\n\t\t\t\t\t<\/div>\n\t\t","protected":false},"excerpt":{"rendered":"<p>\u0637\u0631\u0642 \u0627\u0644\u062d\u0635\u0648\u0644 \u0639\u0644\u064a \u0627\u0644\u062c\u0646\u0633\u064a\u0629 \u0627\u0644\u062a\u0631\u0643\u064a\u0629 \u0628\u0639\u062f \u0627\u0644\u062a\u0639\u062f\u064a\u0644 \u0627\u0644\u0623\u062e\u064a\u0631 \u0627\u0644\u0630\u064a \u0623\u0635\u062f\u0631\u062a\u0647 \u0627\u0644\u062d\u0643\u0648\u0645\u0629 \u0627\u0644\u062a\u0631\u0643\u064a\u0629 \u0641\u064a \u0627\u0644\u0639\u0627\u0645 2018 \u0639\u0644\u0649 \u0642\u0631\u0627\u0631 \u0627\u0644\u062a\u062c\u0646\u064a\u0633\u060c \u0623\u0635\u0628\u062d \u0628\u0627\u0644\u0625\u0645\u0643\u0627\u0646 \u0627\u0644\u062d\u0635\u0648\u0644 \u0639\u0644\u0649 \u0627\u0644\u062c\u0646\u0633\u064a\u0629 \u0627\u0644\u062a\u0631\u0643\u064a\u0629 \u0628\u0635\u0648\u0631\u0629 \u0623\u0633\u0647\u0644 \u0648\u0628\u0639\u062f\u0629 \u0637\u0631\u0642 \u0645\u0646\u0647\u0627 \u0627\u0644\u062a\u0645\u0644\u0643 \u0627\u0644\u0639\u0642\u0627\u0631\u064a \u0648\u0627\u0644\u0627\u0633\u062a\u062b\u0645\u0627\u0631 \u0648\u0627\u0644\u0625\u064a\u062f\u0627\u0639 \u0627\u0644\u0628\u0646\u0643\u064a. \u0627\u0644\u0627\u0633\u062a\u062b\u0645\u0627\u0631 \u0627\u0644\u0639\u0642\u0627\u0631\u064a \u0648\u0630\u0644\u0643 \u0639\u0646 \u0637\u0631\u064a\u0642 \u0634\u0631\u0627\u0621 \u0639\u0642\u0627\u0631 \u0628\u0642\u064a\u0645\u0629 \u062a\u0632\u064a\u062f \u0639\u0646 250 \u0623\u0644\u0641 \u062f\u0648\u0644\u0627\u0631 \u0623\u0645\u0631\u064a\u0643\u064a\u060c \u0628\u0634\u0631\u0637 \u0639\u062f\u0645 \u0628\u064a\u0639 \u0627\u0644\u0639\u0642\u0627\u0631 \u0644\u0645\u062f\u0629 3 \u0633\u0646\u0648\u0627\u062a [&hellip;]<\/p>\n","protected":false},"author":2,"featured_media":0,"parent":0,"menu_order":0,"comment_status":"closed","ping_status":"closed","template":"","meta":[],"yoast_head":"<!-- This site is optimized with the Yoast SEO plugin v15.5 - https:\/\/yoast.com\/wordpress\/plugins\/seo\/ -->\n<title>\u0637\u0631\u0642 \u0627\u0644\u062d\u0635\u0648\u0644 \u0639\u0644\u0649 \u0627\u0644\u062c\u0646\u0633\u064a\u0629 \u0627\u0644\u062a\u0631\u0643\u064a\u0629 \u0645\u0639 Misk \u0130n\u015faat | Misk \u0130n\u015faat<\/title>\n<meta name=\"description\" content=\"\u0641\u064a \u0639\u0627\u0645 2007 \u060c \u0623\u0646\u0634\u0623\u062a \u0627\u0644\u062d\u0643\u0648\u0645\u0629 \u0627\u0644\u062a\u0631\u0643\u064a\u0629 \u0648\u0643\u0627\u0644\u0629 \u062f\u0639\u0645 \u0648\u062a\u0634\u062c\u064a\u0639 \u0627\u0644\u0627\u0633\u062a\u062b\u0645\u0627\u0631 \u0641\u064a \u062a\u0631\u0643\u064a\u0627 \u060c \u0648\u0627\u0644\u062a\u064a \u0623\u0637\u0644\u0642\u062a \u0645\u0648\u0642\u0639\u0647\u0627 \u0639\u0644\u0649 \u0627\u0644\u0625\u0646\u062a\u0631\u0646\u062a \u0628\u0640 12 \u0644\u063a\u0629.\" \/>\n<meta name=\"robots\" content=\"index, follow, max-snippet:-1, max-image-preview:large, max-video-preview:-1\" \/>\n<link rel=\"canonical\" href=\"https:\/\/miskinsaat.com\/ar\/citizenship1\/\" \/>\n<meta property=\"og:locale\" content=\"ar_AR\" \/>\n<meta property=\"og:type\" content=\"article\" \/>\n<meta property=\"og:title\" content=\"\u0637\u0631\u0642 \u0627\u0644\u062d\u0635\u0648\u0644 \u0639\u0644\u0649 \u0627\u0644\u062c\u0646\u0633\u064a\u0629 \u0627\u0644\u062a\u0631\u0643\u064a\u0629 \u0645\u0639 Misk \u0130n\u015faat | Misk \u0130n\u015faat\" \/>\n<meta property=\"og:description\" content=\"\u0641\u064a \u0639\u0627\u0645 2007 \u060c \u0623\u0646\u0634\u0623\u062a \u0627\u0644\u062d\u0643\u0648\u0645\u0629 \u0627\u0644\u062a\u0631\u0643\u064a\u0629 \u0648\u0643\u0627\u0644\u0629 \u062f\u0639\u0645 \u0648\u062a\u0634\u062c\u064a\u0639 \u0627\u0644\u0627\u0633\u062a\u062b\u0645\u0627\u0631 \u0641\u064a \u062a\u0631\u0643\u064a\u0627 \u060c \u0648\u0627\u0644\u062a\u064a \u0623\u0637\u0644\u0642\u062a \u0645\u0648\u0642\u0639\u0647\u0627 \u0639\u0644\u0649 \u0627\u0644\u0625\u0646\u062a\u0631\u0646\u062a \u0628\u0640 12 \u0644\u063a\u0629.\" \/>\n<meta property=\"og:url\" content=\"https:\/\/miskinsaat.com\/ar\/citizenship1\/\" \/>\n<meta property=\"og:site_name\" content=\"Misk \u0130n\u015faat\" \/>\n<meta property=\"article:publisher\" content=\"https:\/\/www.facebook.com\/miskinsaat\" \/>\n<meta property=\"article:modified_time\" content=\"2021-03-28T11:55:40+00:00\" \/>\n<meta property=\"og:image\" content=\"https:\/\/miskinsaat.com\/wp-content\/uploads\/2021\/03\/01-6.jpg\" \/>\n<meta name=\"twitter:card\" content=\"summary_large_image\" \/>\n<meta name=\"twitter:label1\" content=\"\u0648\u0642\u062a \u0627\u0644\u0642\u0631\u0627\u0621\u0629 \u0627\u0644\u0645\u064f\u0642\u062f\u0651\u0631\">\n\t<meta name=\"twitter:data1\" content=\"0 \u062f\u0642\u064a\u0642\u0629\">\n<script type=\"application\/ld+json\" class=\"yoast-schema-graph\">{\"@context\":\"https:\/\/schema.org\",\"@graph\":[{\"@type\":\"Organization\",\"@id\":\"https:\/\/miskinsaat.com\/#organization\",\"name\":\"Misk In\\u015faat\",\"url\":\"https:\/\/miskinsaat.com\/\",\"sameAs\":[\"https:\/\/www.facebook.com\/miskinsaat\",\"https:\/\/www.instagram.com\/misk_insaat\"],\"logo\":{\"@type\":\"ImageObject\",\"@id\":\"https:\/\/miskinsaat.com\/#logo\",\"inLanguage\":\"ar\",\"url\":\"https:\/\/miskinsaat.com\/wp-content\/uploads\/2020\/11\/Asset-1-8.png\",\"width\":805,\"height\":135,\"caption\":\"Misk In\\u015faat\"},\"image\":{\"@id\":\"https:\/\/miskinsaat.com\/#logo\"}},{\"@type\":\"WebSite\",\"@id\":\"https:\/\/miskinsaat.com\/#website\",\"url\":\"https:\/\/miskinsaat.com\/\",\"name\":\"Misk \\u0130n\\u015faat\",\"description\":\"\",\"publisher\":{\"@id\":\"https:\/\/miskinsaat.com\/#organization\"},\"potentialAction\":[{\"@type\":\"SearchAction\",\"target\":\"https:\/\/miskinsaat.com\/?s={search_term_string}\",\"query-input\":\"required name=search_term_string\"}],\"inLanguage\":\"ar\"},{\"@type\":\"ImageObject\",\"@id\":\"https:\/\/miskinsaat.com\/ar\/citizenship1\/#primaryimage\",\"inLanguage\":\"ar\",\"url\":\"https:\/\/miskinsaat.com\/wp-content\/uploads\/2021\/03\/01-6.jpg\",\"width\":770,\"height\":405},{\"@type\":\"WebPage\",\"@id\":\"https:\/\/miskinsaat.com\/ar\/citizenship1\/#webpage\",\"url\":\"https:\/\/miskinsaat.com\/ar\/citizenship1\/\",\"name\":\"\\u0637\\u0631\\u0642 \\u0627\\u0644\\u062d\\u0635\\u0648\\u0644 \\u0639\\u0644\\u0649 \\u0627\\u0644\\u062c\\u0646\\u0633\\u064a\\u0629 \\u0627\\u0644\\u062a\\u0631\\u0643\\u064a\\u0629 \\u0645\\u0639 Misk \\u0130n\\u015faat | Misk \\u0130n\\u015faat\",\"isPartOf\":{\"@id\":\"https:\/\/miskinsaat.com\/#website\"},\"primaryImageOfPage\":{\"@id\":\"https:\/\/miskinsaat.com\/ar\/citizenship1\/#primaryimage\"},\"datePublished\":\"2021-03-28T10:34:30+00:00\",\"dateModified\":\"2021-03-28T11:55:40+00:00\",\"description\":\"\\u0641\\u064a \\u0639\\u0627\\u0645 2007 \\u060c \\u0623\\u0646\\u0634\\u0623\\u062a \\u0627\\u0644\\u062d\\u0643\\u0648\\u0645\\u0629 \\u0627\\u0644\\u062a\\u0631\\u0643\\u064a\\u0629 \\u0648\\u0643\\u0627\\u0644\\u0629 \\u062f\\u0639\\u0645 \\u0648\\u062a\\u0634\\u062c\\u064a\\u0639 \\u0627\\u0644\\u0627\\u0633\\u062a\\u062b\\u0645\\u0627\\u0631 \\u0641\\u064a \\u062a\\u0631\\u0643\\u064a\\u0627 \\u060c \\u0648\\u0627\\u0644\\u062a\\u064a \\u0623\\u0637\\u0644\\u0642\\u062a \\u0645\\u0648\\u0642\\u0639\\u0647\\u0627 \\u0639\\u0644\\u0649 \\u0627\\u0644\\u0625\\u0646\\u062a\\u0631\\u0646\\u062a \\u0628\\u0640 12 \\u0644\\u063a\\u0629.\",\"inLanguage\":\"ar\",\"potentialAction\":[{\"@type\":\"ReadAction\",\"target\":[\"https:\/\/miskinsaat.com\/ar\/citizenship1\/\"]}]}]}<\/script>\n<!-- \/ Yoast SEO plugin. -->","_links":{"self":[{"href":"https:\/\/miskinsaat.com\/ar\/wp-json\/wp\/v2\/pages\/19462"}],"collection":[{"href":"https:\/\/miskinsaat.com\/ar\/wp-json\/wp\/v2\/pages"}],"about":[{"href":"https:\/\/miskinsaat.com\/ar\/wp-json\/wp\/v2\/types\/page"}],"author":[{"embeddable":true,"href":"https:\/\/miskinsaat.com\/ar\/wp-json\/wp\/v2\/users\/2"}],"replies":[{"embeddable":true,"href":"https:\/\/miskinsaat.com\/ar\/wp-json\/wp\/v2\/comments?post=19462"}],"version-history":[{"count":18,"href":"https:\/\/miskinsaat.com\/ar\/wp-json\/wp\/v2\/pages\/19462\/revisions"}],"predecessor-version":[{"id":19529,"href":"https:\/\/miskinsaat.com\/ar\/wp-json\/wp\/v2\/pages\/19462\/revisions\/19529"}],"wp:attachment":[{"href":"https:\/\/miskinsaat.com\/ar\/wp-json\/wp\/v2\/media?parent=19462"}],"curies":[{"name":"wp","href":"https:\/\/api.w.org\/{rel}","templated":true}]}}