{"id":17424,"date":"2020-11-05T14:22:14","date_gmt":"2020-11-05T14:22:14","guid":{"rendered":"https:\/\/miskinsaat.com\/?page_id=17424"},"modified":"2020-12-04T10:41:23","modified_gmt":"2020-12-04T10:41:23","slug":"invest-in-turkey","status":"publish","type":"page","link":"https:\/\/miskinsaat.com\/en\/invest-in-turkey\/","title":{"rendered":"investment in Turkey"},"content":{"rendered":"\t\t<div data-elementor-type=\"wp-page\" data-elementor-id=\"17424\" class=\"elementor elementor-17424\" data-elementor-settings=\"[]\">\n\t\t\t\t\t\t<div class=\"elementor-inner\">\n\t\t\t\t\t\t\t<div class=\"elementor-section-wrap\">\n\t\t\t\t\t\t\t<section class=\"elementor-section elementor-top-section elementor-element elementor-element-5b81e21 elementor-section-height-min-height animated-slow elementor-section-boxed elementor-section-height-default elementor-section-items-middle elementor-invisible\" data-id=\"5b81e21\" data-element_type=\"section\" data-settings=\"{&quot;background_background&quot;:&quot;classic&quot;,&quot;animation&quot;:&quot;fadeIn&quot;}\">\n\t\t\t\t\t\t\t<div class=\"elementor-background-overlay\"><\/div>\n\t\t\t\t\t\t\t<div class=\"elementor-container elementor-column-gap-default\">\n\t\t\t\t\t\t\t<div class=\"elementor-row\">\n\t\t\t\t\t<div class=\"elementor-column elementor-col-100 elementor-top-column elementor-element elementor-element-ad367f8\" data-id=\"ad367f8\" data-element_type=\"column\">\n\t\t\t<div class=\"elementor-column-wrap elementor-element-populated\">\n\t\t\t\t\t\t\t<div class=\"elementor-widget-wrap\">\n\t\t\t\t\t\t<div class=\"elementor-element elementor-element-0e7939f elementor-widget elementor-widget-heading\" data-id=\"0e7939f\" data-element_type=\"widget\" data-widget_type=\"heading.default\">\n\t\t\t\t<div class=\"elementor-widget-container\">\n\t\t\t<h1 class=\"elementor-heading-title elementor-size-default\">Invest in Turkey<\/h1>\t\t<\/div>\n\t\t\t\t<\/div>\n\t\t\t\t\t\t<\/div>\n\t\t\t\t\t<\/div>\n\t\t<\/div>\n\t\t\t\t\t\t\t\t<\/div>\n\t\t\t\t\t<\/div>\n\t\t<\/section>\n\t\t\t\t<section class=\"elementor-section elementor-top-section elementor-element elementor-element-75266e5 elementor-section-boxed elementor-section-height-default elementor-section-height-default\" data-id=\"75266e5\" data-element_type=\"section\">\n\t\t\t\t\t\t<div class=\"elementor-container elementor-column-gap-default\">\n\t\t\t\t\t\t\t<div class=\"elementor-row\">\n\t\t\t\t\t<div class=\"elementor-column elementor-col-100 elementor-top-column elementor-element elementor-element-3cd93c6\" data-id=\"3cd93c6\" data-element_type=\"column\">\n\t\t\t<div class=\"elementor-column-wrap elementor-element-populated\">\n\t\t\t\t\t\t\t<div class=\"elementor-widget-wrap\">\n\t\t\t\t\t\t<div class=\"elementor-element elementor-element-1a3a7b0 elementor-widget elementor-widget-spacer\" data-id=\"1a3a7b0\" data-element_type=\"widget\" data-widget_type=\"spacer.default\">\n\t\t\t\t<div class=\"elementor-widget-container\">\n\t\t\t\t\t<div class=\"elementor-spacer\">\n\t\t\t<div class=\"elementor-spacer-inner\"><\/div>\n\t\t<\/div>\n\t\t\t\t<\/div>\n\t\t\t\t<\/div>\n\t\t\t\t<div class=\"elementor-element elementor-element-0f807f2 elementor-widget elementor-widget-text-editor\" data-id=\"0f807f2\" data-element_type=\"widget\" data-widget_type=\"text-editor.default\">\n\t\t\t\t<div class=\"elementor-widget-container\">\n\t\t\t\t\t<div class=\"elementor-text-editor elementor-clearfix\"><p>In 2007, the Turkish government established an investment support and promotion agency in Turkey, which launched its\u00a0<strong><a title=\"website\" href=\"http:\/\/www.invest.gov.tr\/ar-SA\/Pages\/Home.aspx\">website<\/a><\/strong>\u00a0in 12 languages, including Arabic, to serve as a link between Turkey and foreign investors.<\/p><\/div>\n\t\t\t\t<\/div>\n\t\t\t\t<\/div>\n\t\t\t\t\t\t<\/div>\n\t\t\t\t\t<\/div>\n\t\t<\/div>\n\t\t\t\t\t\t\t\t<\/div>\n\t\t\t\t\t<\/div>\n\t\t<\/section>\n\t\t\t\t<section class=\"elementor-section elementor-top-section elementor-element elementor-element-a091cf8 elementor-section-boxed elementor-section-height-default elementor-section-height-default\" data-id=\"a091cf8\" data-element_type=\"section\">\n\t\t\t\t\t\t<div class=\"elementor-container elementor-column-gap-default\">\n\t\t\t\t\t\t\t<div class=\"elementor-row\">\n\t\t\t\t\t<div class=\"elementor-column elementor-col-50 elementor-top-column elementor-element elementor-element-4d14ec5\" data-id=\"4d14ec5\" data-element_type=\"column\">\n\t\t\t<div class=\"elementor-column-wrap elementor-element-populated\">\n\t\t\t\t\t\t\t<div class=\"elementor-widget-wrap\">\n\t\t\t\t\t\t<div class=\"elementor-element elementor-element-98bd063 elementor-widget elementor-widget-spacer\" data-id=\"98bd063\" data-element_type=\"widget\" data-widget_type=\"spacer.default\">\n\t\t\t\t<div class=\"elementor-widget-container\">\n\t\t\t\t\t<div class=\"elementor-spacer\">\n\t\t\t<div class=\"elementor-spacer-inner\"><\/div>\n\t\t<\/div>\n\t\t\t\t<\/div>\n\t\t\t\t<\/div>\n\t\t\t\t<div class=\"elementor-element elementor-element-f06c69d elementor-widget elementor-widget-text-editor\" data-id=\"f06c69d\" data-element_type=\"widget\" data-widget_type=\"text-editor.default\">\n\t\t\t\t<div class=\"elementor-widget-container\">\n\t\t\t\t\t<div class=\"elementor-text-editor elementor-clearfix\"><h3>What are the most important areas for investment in Turkey?<\/h3><\/div>\n\t\t\t\t<\/div>\n\t\t\t\t<\/div>\n\t\t\t\t<div class=\"elementor-element elementor-element-4f3ff7c elementor-widget elementor-widget-text-editor\" data-id=\"4f3ff7c\" data-element_type=\"widget\" data-widget_type=\"text-editor.default\">\n\t\t\t\t<div class=\"elementor-widget-container\">\n\t\t\t\t\t<div class=\"elementor-text-editor elementor-clearfix\"><p>Real estate, industry, automobile industry, agriculture and food, general trade, healthcare and pharmaceuticals, automotive industry, financial services, communications and information, and many other areas.<\/p><\/div>\n\t\t\t\t<\/div>\n\t\t\t\t<\/div>\n\t\t\t\t<div class=\"elementor-element elementor-element-4c3319a elementor-widget elementor-widget-spacer\" data-id=\"4c3319a\" data-element_type=\"widget\" data-widget_type=\"spacer.default\">\n\t\t\t\t<div class=\"elementor-widget-container\">\n\t\t\t\t\t<div class=\"elementor-spacer\">\n\t\t\t<div class=\"elementor-spacer-inner\"><\/div>\n\t\t<\/div>\n\t\t\t\t<\/div>\n\t\t\t\t<\/div>\n\t\t\t\t<div class=\"elementor-element elementor-element-bffa4ca elementor-widget elementor-widget-text-editor\" data-id=\"bffa4ca\" data-element_type=\"widget\" data-widget_type=\"text-editor.default\">\n\t\t\t\t<div class=\"elementor-widget-container\">\n\t\t\t\t\t<div class=\"elementor-text-editor elementor-clearfix\"><h3>What are the most important investment incentives in Turkey?<\/h3><\/div>\n\t\t\t\t<\/div>\n\t\t\t\t<\/div>\n\t\t\t\t\t\t<\/div>\n\t\t\t\t\t<\/div>\n\t\t<\/div>\n\t\t\t\t<div class=\"elementor-column elementor-col-50 elementor-top-column elementor-element elementor-element-9211319\" data-id=\"9211319\" data-element_type=\"column\">\n\t\t\t<div class=\"elementor-column-wrap elementor-element-populated\">\n\t\t\t\t\t\t\t<div class=\"elementor-widget-wrap\">\n\t\t\t\t\t\t<div class=\"elementor-element elementor-element-a175ad9 elementor-widget elementor-widget-image\" data-id=\"a175ad9\" data-element_type=\"widget\" data-widget_type=\"image.default\">\n\t\t\t\t<div class=\"elementor-widget-container\">\n\t\t\t\t\t<div class=\"elementor-image\">\n\t\t\t\t\t\t\t\t\t\t<img width=\"1024\" height=\"768\" src=\"https:\/\/miskinsaat.com\/wp-content\/uploads\/2020\/11\/turkey-invest.jpg\" class=\"attachment-full size-full\" alt=\"\" loading=\"lazy\" srcset=\"https:\/\/miskinsaat.com\/wp-content\/uploads\/2020\/11\/turkey-invest.jpg 1024w, https:\/\/miskinsaat.com\/wp-content\/uploads\/2020\/11\/turkey-invest-300x225.jpg 300w, https:\/\/miskinsaat.com\/wp-content\/uploads\/2020\/11\/turkey-invest-768x576.jpg 768w, https:\/\/miskinsaat.com\/wp-content\/uploads\/2020\/11\/turkey-invest-592x444.jpg 592w, https:\/\/miskinsaat.com\/wp-content\/uploads\/2020\/11\/turkey-invest-584x438.jpg 584w, https:\/\/miskinsaat.com\/wp-content\/uploads\/2020\/11\/turkey-invest-800x600.jpg 800w, https:\/\/miskinsaat.com\/wp-content\/uploads\/2020\/11\/turkey-invest-120x90.jpg 120w, https:\/\/miskinsaat.com\/wp-content\/uploads\/2020\/11\/turkey-invest-496x372.jpg 496w\" sizes=\"(max-width: 1024px) 100vw, 1024px\" \/>\t\t\t\t\t\t\t\t\t\t\t<\/div>\n\t\t\t\t<\/div>\n\t\t\t\t<\/div>\n\t\t\t\t\t\t<\/div>\n\t\t\t\t\t<\/div>\n\t\t<\/div>\n\t\t\t\t\t\t\t\t<\/div>\n\t\t\t\t\t<\/div>\n\t\t<\/section>\n\t\t\t\t<section class=\"elementor-section elementor-top-section elementor-element elementor-element-39e254c elementor-section-boxed elementor-section-height-default elementor-section-height-default\" data-id=\"39e254c\" data-element_type=\"section\">\n\t\t\t\t\t\t<div class=\"elementor-container elementor-column-gap-default\">\n\t\t\t\t\t\t\t<div class=\"elementor-row\">\n\t\t\t\t\t<div class=\"elementor-column elementor-col-100 elementor-top-column elementor-element elementor-element-5034a87\" data-id=\"5034a87\" data-element_type=\"column\">\n\t\t\t<div class=\"elementor-column-wrap elementor-element-populated\">\n\t\t\t\t\t\t\t<div class=\"elementor-widget-wrap\">\n\t\t\t\t\t\t<div class=\"elementor-element elementor-element-3ad2bd0 elementor-widget elementor-widget-text-editor\" data-id=\"3ad2bd0\" data-element_type=\"widget\" data-widget_type=\"text-editor.default\">\n\t\t\t\t<div class=\"elementor-widget-container\">\n\t\t\t\t\t<div class=\"elementor-text-editor elementor-clearfix\"><ul><li>A promising economy is expected to become one of the fastest growing economies within the Organization for Economic Co-operation and Development (OECD) during the period 2014-2016, attracting annually about $ 15 billion in foreign investment.<\/li><li>The qualitative boom in the Turkish economy, with gross national product jumping from $ 230 billion in 2002 to $ 820 billion in 2013.<\/li><li>The world&#8217;s 16th economy, sixth in Europe, with a stable economic growth averaging 5% between 2012 and 2013.<\/li><\/ul><\/div>\n\t\t\t\t<\/div>\n\t\t\t\t<\/div>\n\t\t\t\t<div class=\"elementor-element elementor-element-f321c53 elementor-widget elementor-widget-text-editor\" data-id=\"f321c53\" data-element_type=\"widget\" data-widget_type=\"text-editor.default\">\n\t\t\t\t<div class=\"elementor-widget-container\">\n\t\t\t\t\t<div class=\"elementor-text-editor elementor-clearfix\"><h3>What are the most important points of industrial investment in Turkey (automotive industry)?<\/h3><\/div>\n\t\t\t\t<\/div>\n\t\t\t\t<\/div>\n\t\t\t\t<div class=\"elementor-element elementor-element-18b446c elementor-widget elementor-widget-text-editor\" data-id=\"18b446c\" data-element_type=\"widget\" data-widget_type=\"text-editor.default\">\n\t\t\t\t<div class=\"elementor-widget-container\">\n\t\t\t\t\t<div class=\"elementor-text-editor elementor-clearfix\"><ul><li>Turkey has increased its vehicle production from 374,000 in 2002 to more than 1125,000 units in 2013. With this performance, Turkey is ranked 16th among the world&#8217;s largest automakers.<\/li><li>According to the Global Competitiveness Index (GMCI) for Deloitte, over the next five years, Turkey will rise from 20th place in 2013 to No. 16.<\/li><li>Turkey will become Germany&#8217;s second largest competitive manufacturing plant in its region covering Europe, the Middle East, and Africa.<\/li><li>Turkey&#8217;s automotive product range covers a wide range of cars, from sedans to heavy trucks.<\/li><\/ul><\/div>\n\t\t\t\t<\/div>\n\t\t\t\t<\/div>\n\t\t\t\t<div class=\"elementor-element elementor-element-d31da35 elementor-widget elementor-widget-text-editor\" data-id=\"d31da35\" data-element_type=\"widget\" data-widget_type=\"text-editor.default\">\n\t\t\t\t<div class=\"elementor-widget-container\">\n\t\t\t\t\t<div class=\"elementor-text-editor elementor-clearfix\"><h3>What about agricultural and food investment in Turkey?<\/h3><\/div>\n\t\t\t\t<\/div>\n\t\t\t\t<\/div>\n\t\t\t\t<div class=\"elementor-element elementor-element-d482525 elementor-widget elementor-widget-text-editor\" data-id=\"d482525\" data-element_type=\"widget\" data-widget_type=\"text-editor.default\">\n\t\t\t\t<div class=\"elementor-widget-container\">\n\t\t\t\t\t<div class=\"elementor-text-editor elementor-clearfix\"><ul><li>Turkey has an estimated 11,000 species of vegetable and fruit varieties, while the total number of plant species in Europe is 11,500 species.<\/li><li>Turkey is a global leader in the production of dried figs, nuts, raisins and dried apricots.<\/li><li>Has the highest rate of milk and dairy products in its region.<\/li><\/ul><\/div>\n\t\t\t\t<\/div>\n\t\t\t\t<\/div>\n\t\t\t\t<div class=\"elementor-element elementor-element-648da84 elementor-widget elementor-widget-text-editor\" data-id=\"648da84\" data-element_type=\"widget\" data-widget_type=\"text-editor.default\">\n\t\t\t\t<div class=\"elementor-widget-container\">\n\t\t\t\t\t<div class=\"elementor-text-editor elementor-clearfix\"><h3>What are the real estate investment options in Turkey?<\/h3><\/div>\n\t\t\t\t<\/div>\n\t\t\t\t<\/div>\n\t\t\t\t<div class=\"elementor-element elementor-element-1d5f4b3 elementor-widget elementor-widget-text-editor\" data-id=\"1d5f4b3\" data-element_type=\"widget\" data-widget_type=\"text-editor.default\">\n\t\t\t\t<div class=\"elementor-widget-container\">\n\t\t\t\t\t<div class=\"elementor-text-editor elementor-clearfix\"><ul><li>Buying a property in a project under construction in a vital area or strategic and then sell it after the end of the project at a higher price will witness a high turnout. The most attractive for investors now is to look for\u00a0<strong>apartments for sale in Istanbul<\/strong>\u00a0and\u00a0<strong>apartments for sale in Istanbul by the sea.<\/strong><\/li><li>Investment of\u00a0<strong>land for sale in Turkey<\/strong>\u00a0with strategic sites that may be included within the planning schemes of cities or the possibility of building residential complexes on them later and then selling them later multiplier.<\/li><li><strong>Real estate development<\/strong>: buy an old property and then renew and improve, and then sell at a higher price.<\/li><li>Buying a ready-made apartment in a project then lease it and ensure a fixed monthly return.<\/li><\/ul><\/div>\n\t\t\t\t<\/div>\n\t\t\t\t<\/div>\n\t\t\t\t<div class=\"elementor-element elementor-element-b72b50d elementor-widget elementor-widget-text-editor\" data-id=\"b72b50d\" data-element_type=\"widget\" data-widget_type=\"text-editor.default\">\n\t\t\t\t<div class=\"elementor-widget-container\">\n\t\t\t\t\t<div class=\"elementor-text-editor elementor-clearfix\"><h3>Why experts classify investing in real estate as the best investment in Turkey and in Istanbul in particular?<\/h3><\/div>\n\t\t\t\t<\/div>\n\t\t\t\t<\/div>\n\t\t\t\t<div class=\"elementor-element elementor-element-bd1eaa1 elementor-widget elementor-widget-text-editor\" data-id=\"bd1eaa1\" data-element_type=\"widget\" data-widget_type=\"text-editor.default\">\n\t\t\t\t<div class=\"elementor-widget-container\">\n\t\t\t\t\t<div class=\"elementor-text-editor elementor-clearfix\"><ul><li>Because real estate investment is affected by the state economy and political stability significantly, Turkey is the first and best candidate for real estate investment in the region.<\/li><li>Real Estate is the largest growth and profit-making sector in the world.<\/li><li>Investment in real estate results in guaranteed, and far from risks.<\/li><\/ul><\/div>\n\t\t\t\t<\/div>\n\t\t\t\t<\/div>\n\t\t\t\t<div class=\"elementor-element elementor-element-7c9b558 elementor-widget elementor-widget-text-editor\" data-id=\"7c9b558\" data-element_type=\"widget\" data-widget_type=\"text-editor.default\">\n\t\t\t\t<div class=\"elementor-widget-container\">\n\t\t\t\t\t<div class=\"elementor-text-editor elementor-clearfix\"><h3>What are the advantages of real estate investment in Turkey according to global indicators?<\/h3><\/div>\n\t\t\t\t<\/div>\n\t\t\t\t<\/div>\n\t\t\t\t<div class=\"elementor-element elementor-element-c3cdf66 elementor-widget elementor-widget-text-editor\" data-id=\"c3cdf66\" data-element_type=\"widget\" data-widget_type=\"text-editor.default\">\n\t\t\t\t<div class=\"elementor-widget-container\">\n\t\t\t\t\t<div class=\"elementor-text-editor elementor-clearfix\"><ul><li><strong>Prices of apartments in Turkey are constantly increasing<\/strong>\u00a0due to foreign demand on a continuous basis.<\/li><li>According to the Knight Frank International Index, Turkey is part of the world&#8217;s largest market for property price growth.<\/li><li>According to Ernst &amp; Young. Turkey ranked second in the most attractive markets.<\/li><li>Several other indicators have nominated\u00a0<strong>Turkish real estate<\/strong>\u00a0markets offering the best achievements in the coming years.<\/li><li>The scarcity of real estate in all kinds compared to the demand in the markets.<\/li><\/ul><\/div>\n\t\t\t\t<\/div>\n\t\t\t\t<\/div>\n\t\t\t\t<div class=\"elementor-element elementor-element-62dc051 elementor-widget elementor-widget-text-editor\" data-id=\"62dc051\" data-element_type=\"widget\" data-widget_type=\"text-editor.default\">\n\t\t\t\t<div class=\"elementor-widget-container\">\n\t\t\t\t\t<div class=\"elementor-text-editor elementor-clearfix\"><h3>What are the most prominent investment projects in Turkey currently?<\/h3><\/div>\n\t\t\t\t<\/div>\n\t\t\t\t<\/div>\n\t\t\t\t<div class=\"elementor-element elementor-element-07eb990 elementor-widget elementor-widget-text-editor\" data-id=\"07eb990\" data-element_type=\"widget\" data-widget_type=\"text-editor.default\">\n\t\t\t\t<div class=\"elementor-widget-container\">\n\t\t\t\t\t<div class=\"elementor-text-editor elementor-clearfix\"><p>Turkey is about to witness a 20-year reconstruction project in the most beautiful cities of Turkey, such as Istanbul, to renovate Turkey&#8217;s old real estate and turn it into luxury\u00a0<strong>apartments for sale in Turkey<\/strong>, farms and luxurious\u00a0<strong>villas for sale in Turkey<\/strong>, It is an investment project involving about 6.5 million real estate units.<\/p><p>The Turkish investor will not be the only investor in this investment. The investment law in Turkey has opened the doors for investment to 183 citizens of Turkey, thus giving foreigners a successful investment opportunity to contribute to this architectural activity. A number of Arab countries, especially the Gulf States, are among the countries that allow their citizens to buy real estate in Turkey.<\/p><\/div>\n\t\t\t\t<\/div>\n\t\t\t\t<\/div>\n\t\t\t\t<div class=\"elementor-element elementor-element-3b21891 elementor-widget elementor-widget-text-editor\" data-id=\"3b21891\" data-element_type=\"widget\" data-widget_type=\"text-editor.default\">\n\t\t\t\t<div class=\"elementor-widget-container\">\n\t\t\t\t\t<div class=\"elementor-text-editor elementor-clearfix\"><h3>What are the main points that encouraged Arab capital to invest in Turkey?<\/h3><\/div>\n\t\t\t\t<\/div>\n\t\t\t\t<\/div>\n\t\t\t\t<div class=\"elementor-element elementor-element-b3b0ced elementor-widget elementor-widget-text-editor\" data-id=\"b3b0ced\" data-element_type=\"widget\" data-widget_type=\"text-editor.default\">\n\t\t\t\t<div class=\"elementor-widget-container\">\n\t\t\t\t\t<div class=\"elementor-text-editor elementor-clearfix\"><ul><li>Turkey&#8217;s political and social stability in the Middle East.<\/li><li>Facilitating and guaranteeing the rights of foreigners who wish to\u00a0<strong>own property in Turkey<\/strong>, to the point of obtaining life-long staying permits (renewed annually) in Turkey once they own a property.<\/li><li>Turkey\u2019s proximity from the Arab world and the Arab Islamic character spread in all of its cities, and the Turkish ethic, not to mention the nature of the picturesque, the mountains of Trabzon green and blue Bosphorus, Bursa falls and the mild climate wonderful summer.<\/li><\/ul><p>Statistics from the Ministry of Environment and Urban Planning indicate that there are 14,600 foreign investors in Turkey, who bought 13.5 thousand Turkish property in the last year until May 2013. At the top of the foreign investors are the Russians and the British. Kuwait and Saudi Arabia which is at the top of investors Arabs in Turkey.<\/p><\/div>\n\t\t\t\t<\/div>\n\t\t\t\t<\/div>\n\t\t\t\t\t\t<\/div>\n\t\t\t\t\t<\/div>\n\t\t<\/div>\n\t\t\t\t\t\t\t\t<\/div>\n\t\t\t\t\t<\/div>\n\t\t<\/section>\n\t\t\t\t\t\t<\/div>\n\t\t\t\t\t\t<\/div>\n\t\t\t\t\t<\/div>\n\t\t","protected":false},"excerpt":{"rendered":"<p>Invest in Turkey In 2007, the Turkish government established an investment support and promotion agency in Turkey, which launched its\u00a0website\u00a0in 12 languages, including Arabic, to serve as a link between Turkey and foreign investors. What are the most important areas for investment in Turkey? Real estate, industry, automobile industry, agriculture and food, general trade, healthcare [&hellip;]<\/p>\n","protected":false},"author":1,"featured_media":0,"parent":0,"menu_order":0,"comment_status":"closed","ping_status":"closed","template":"elementor_header_footer","meta":[],"yoast_head":"<!-- This site is optimized with the Yoast SEO plugin v15.5 - https:\/\/yoast.com\/wordpress\/plugins\/seo\/ -->\n<title>investment in Turkey with Misk \u0130n\u015faat | Misk \u0130n\u015faat<\/title>\n<meta name=\"description\" content=\"In 2007, the Turkish government established an investment support and promotion agency in Turkey, which launched its website in 12 languages.\" \/>\n<meta name=\"robots\" content=\"index, follow, max-snippet:-1, max-image-preview:large, max-video-preview:-1\" \/>\n<link rel=\"canonical\" href=\"https:\/\/miskinsaat.com\/en\/invest-in-turkey\/\" \/>\n<meta property=\"og:locale\" content=\"en_US\" \/>\n<meta property=\"og:type\" content=\"article\" \/>\n<meta property=\"og:title\" content=\"investment in Turkey with Misk \u0130n\u015faat | Misk \u0130n\u015faat\" \/>\n<meta property=\"og:description\" content=\"In 2007, the Turkish government established an investment support and promotion agency in Turkey, which launched its website in 12 languages.\" \/>\n<meta property=\"og:url\" content=\"https:\/\/miskinsaat.com\/invest-in-turkey\/\" \/>\n<meta property=\"og:site_name\" content=\"Misk \u0130n\u015faat\" \/>\n<meta property=\"article:publisher\" content=\"https:\/\/www.facebook.com\/miskinsaat\" \/>\n<meta property=\"article:modified_time\" content=\"2020-12-04T10:41:23+00:00\" \/>\n<meta property=\"og:image\" content=\"https:\/\/miskinsaat.com\/wp-content\/uploads\/2020\/11\/turkey-invest.jpg\" \/>\n<meta name=\"twitter:card\" content=\"summary_large_image\" \/>\n<meta name=\"twitter:label1\" content=\"Est. reading time\">\n\t<meta name=\"twitter:data1\" content=\"4 minutes\">\n<script type=\"application\/ld+json\" class=\"yoast-schema-graph\">{\"@context\":\"https:\/\/schema.org\",\"@graph\":[{\"@type\":\"Organization\",\"@id\":\"https:\/\/miskinsaat.com\/#organization\",\"name\":\"Misk In\\u015faat\",\"url\":\"https:\/\/miskinsaat.com\/\",\"sameAs\":[\"https:\/\/www.facebook.com\/miskinsaat\",\"https:\/\/www.instagram.com\/misk_insaat\"],\"logo\":{\"@type\":\"ImageObject\",\"@id\":\"https:\/\/miskinsaat.com\/#logo\",\"inLanguage\":\"en-US\",\"url\":\"https:\/\/miskinsaat.com\/wp-content\/uploads\/2020\/11\/Asset-1-8.png\",\"width\":805,\"height\":135,\"caption\":\"Misk In\\u015faat\"},\"image\":{\"@id\":\"https:\/\/miskinsaat.com\/#logo\"}},{\"@type\":\"WebSite\",\"@id\":\"https:\/\/miskinsaat.com\/#website\",\"url\":\"https:\/\/miskinsaat.com\/\",\"name\":\"Misk \\u0130n\\u015faat\",\"description\":\"\",\"publisher\":{\"@id\":\"https:\/\/miskinsaat.com\/#organization\"},\"potentialAction\":[{\"@type\":\"SearchAction\",\"target\":\"https:\/\/miskinsaat.com\/?s={search_term_string}\",\"query-input\":\"required name=search_term_string\"}],\"inLanguage\":\"en-US\"},{\"@type\":\"ImageObject\",\"@id\":\"https:\/\/miskinsaat.com\/invest-in-turkey\/#primaryimage\",\"inLanguage\":\"en-US\",\"url\":\"https:\/\/miskinsaat.com\/wp-content\/uploads\/2020\/11\/turkey-invest.jpg\",\"width\":1024,\"height\":768},{\"@type\":\"WebPage\",\"@id\":\"https:\/\/miskinsaat.com\/invest-in-turkey\/#webpage\",\"url\":\"https:\/\/miskinsaat.com\/invest-in-turkey\/\",\"name\":\"investment in Turkey with Misk \\u0130n\\u015faat | Misk \\u0130n\\u015faat\",\"isPartOf\":{\"@id\":\"https:\/\/miskinsaat.com\/#website\"},\"primaryImageOfPage\":{\"@id\":\"https:\/\/miskinsaat.com\/invest-in-turkey\/#primaryimage\"},\"datePublished\":\"2020-11-05T14:22:14+00:00\",\"dateModified\":\"2020-12-04T10:41:23+00:00\",\"description\":\"In 2007, the Turkish government established an investment support and promotion agency in Turkey, which launched its website in 12 languages.\",\"inLanguage\":\"en-US\",\"potentialAction\":[{\"@type\":\"ReadAction\",\"target\":[\"https:\/\/miskinsaat.com\/invest-in-turkey\/\"]}]}]}<\/script>\n<!-- \/ Yoast SEO plugin. -->","_links":{"self":[{"href":"https:\/\/miskinsaat.com\/en\/wp-json\/wp\/v2\/pages\/17424"}],"collection":[{"href":"https:\/\/miskinsaat.com\/en\/wp-json\/wp\/v2\/pages"}],"about":[{"href":"https:\/\/miskinsaat.com\/en\/wp-json\/wp\/v2\/types\/page"}],"author":[{"embeddable":true,"href":"https:\/\/miskinsaat.com\/en\/wp-json\/wp\/v2\/users\/1"}],"replies":[{"embeddable":true,"href":"https:\/\/miskinsaat.com\/en\/wp-json\/wp\/v2\/comments?post=17424"}],"version-history":[{"count":10,"href":"https:\/\/miskinsaat.com\/en\/wp-json\/wp\/v2\/pages\/17424\/revisions"}],"predecessor-version":[{"id":18164,"href":"https:\/\/miskinsaat.com\/en\/wp-json\/wp\/v2\/pages\/17424\/revisions\/18164"}],"wp:attachment":[{"href":"https:\/\/miskinsaat.com\/en\/wp-json\/wp\/v2\/media?parent=17424"}],"curies":[{"name":"wp","href":"https:\/\/api.w.org\/{rel}","templated":true}]}}