{"id":17765,"date":"2020-11-09T11:30:57","date_gmt":"2020-11-09T11:30:57","guid":{"rendered":"https:\/\/miskinsaat.com\/?page_id=17765"},"modified":"2021-02-02T08:24:26","modified_gmt":"2021-02-02T08:24:26","slug":"basaksehir","status":"publish","type":"page","link":"https:\/\/miskinsaat.com\/en\/basaksehir\/","title":{"rendered":"Ba\u015fak\u015fehir"},"content":{"rendered":"\t\t<div data-elementor-type=\"wp-page\" data-elementor-id=\"17765\" class=\"elementor elementor-17765\" data-elementor-settings=\"[]\">\n\t\t\t\t\t\t<div class=\"elementor-inner\">\n\t\t\t\t\t\t\t<div class=\"elementor-section-wrap\">\n\t\t\t\t\t\t\t<section class=\"elementor-section elementor-top-section elementor-element elementor-element-5b81e21 elementor-section-height-min-height animated-slow elementor-section-boxed elementor-section-height-default elementor-section-items-middle elementor-invisible\" data-id=\"5b81e21\" data-element_type=\"section\" data-settings=\"{&quot;background_background&quot;:&quot;classic&quot;,&quot;animation&quot;:&quot;fadeIn&quot;}\">\n\t\t\t\t\t\t\t<div class=\"elementor-background-overlay\"><\/div>\n\t\t\t\t\t\t\t<div class=\"elementor-container elementor-column-gap-default\">\n\t\t\t\t\t\t\t<div class=\"elementor-row\">\n\t\t\t\t\t<div class=\"elementor-column elementor-col-100 elementor-top-column elementor-element elementor-element-ad367f8\" data-id=\"ad367f8\" data-element_type=\"column\">\n\t\t\t<div class=\"elementor-column-wrap elementor-element-populated\">\n\t\t\t\t\t\t\t<div class=\"elementor-widget-wrap\">\n\t\t\t\t\t\t<div class=\"elementor-element elementor-element-0e7939f elementor-widget elementor-widget-heading\" data-id=\"0e7939f\" data-element_type=\"widget\" data-widget_type=\"heading.default\">\n\t\t\t\t<div class=\"elementor-widget-container\">\n\t\t\t<h1 class=\"elementor-heading-title elementor-size-default\">Ba\u015fak\u015fehir<\/h1>\t\t<\/div>\n\t\t\t\t<\/div>\n\t\t\t\t\t\t<\/div>\n\t\t\t\t\t<\/div>\n\t\t<\/div>\n\t\t\t\t\t\t\t\t<\/div>\n\t\t\t\t\t<\/div>\n\t\t<\/section>\n\t\t\t\t<section class=\"elementor-section elementor-top-section elementor-element elementor-element-75266e5 elementor-section-boxed elementor-section-height-default elementor-section-height-default\" data-id=\"75266e5\" data-element_type=\"section\">\n\t\t\t\t\t\t<div class=\"elementor-container elementor-column-gap-default\">\n\t\t\t\t\t\t\t<div class=\"elementor-row\">\n\t\t\t\t\t<div class=\"elementor-column elementor-col-100 elementor-top-column elementor-element elementor-element-3cd93c6\" data-id=\"3cd93c6\" data-element_type=\"column\">\n\t\t\t<div class=\"elementor-column-wrap elementor-element-populated\">\n\t\t\t\t\t\t\t<div class=\"elementor-widget-wrap\">\n\t\t\t\t\t\t<div class=\"elementor-element elementor-element-1a3a7b0 elementor-widget elementor-widget-spacer\" data-id=\"1a3a7b0\" data-element_type=\"widget\" data-widget_type=\"spacer.default\">\n\t\t\t\t<div class=\"elementor-widget-container\">\n\t\t\t\t\t<div class=\"elementor-spacer\">\n\t\t\t<div class=\"elementor-spacer-inner\"><\/div>\n\t\t<\/div>\n\t\t\t\t<\/div>\n\t\t\t\t<\/div>\n\t\t\t\t\t\t<\/div>\n\t\t\t\t\t<\/div>\n\t\t<\/div>\n\t\t\t\t\t\t\t\t<\/div>\n\t\t\t\t\t<\/div>\n\t\t<\/section>\n\t\t\t\t<section class=\"elementor-section elementor-top-section elementor-element elementor-element-a091cf8 elementor-section-boxed elementor-section-height-default elementor-section-height-default\" data-id=\"a091cf8\" data-element_type=\"section\">\n\t\t\t\t\t\t<div class=\"elementor-container elementor-column-gap-default\">\n\t\t\t\t\t\t\t<div class=\"elementor-row\">\n\t\t\t\t\t<div class=\"elementor-column elementor-col-50 elementor-top-column elementor-element elementor-element-4d14ec5\" data-id=\"4d14ec5\" data-element_type=\"column\">\n\t\t\t<div class=\"elementor-column-wrap elementor-element-populated\">\n\t\t\t\t\t\t\t<div class=\"elementor-widget-wrap\">\n\t\t\t\t\t\t<div class=\"elementor-element elementor-element-c03af51 elementor-widget elementor-widget-spacer\" data-id=\"c03af51\" data-element_type=\"widget\" data-widget_type=\"spacer.default\">\n\t\t\t\t<div class=\"elementor-widget-container\">\n\t\t\t\t\t<div class=\"elementor-spacer\">\n\t\t\t<div class=\"elementor-spacer-inner\"><\/div>\n\t\t<\/div>\n\t\t\t\t<\/div>\n\t\t\t\t<\/div>\n\t\t\t\t<div class=\"elementor-element elementor-element-0f807f2 elementor-widget elementor-widget-text-editor\" data-id=\"0f807f2\" data-element_type=\"widget\" data-widget_type=\"text-editor.default\">\n\t\t\t\t<div class=\"elementor-widget-container\">\n\t\t\t\t\t<div class=\"elementor-text-editor elementor-clearfix\"><p>Located on the European side of Istanbul, Ba\u015fak\u015fehir district has a very modern and sophisticated infrastructure that attracts local and foreign investors from all parts of the world.<\/p><p>It is one of the most vital areas on the European side of Istanbul, which consists of 39 (municipal) districts, spread between the European and Asian continents on both sides of the city.<\/p><p>The municipality of Ba\u015fak\u015fehir was established in 2008 after it was separated from the municipality of k\u00fc\u00e7\u00fck\u00e7ekmece, it is bordered by Arnavutk\u00f6y from the north, Ey\u00fcp from the north-east, Sultangazi and Esenler from the east, Ba\u011fc\u0131lar, k\u00fc\u00e7\u00fck\u00e7ekmece and Avcilar from the south, and Esenyurt from the south-west.<\/p><\/div>\n\t\t\t\t<\/div>\n\t\t\t\t<\/div>\n\t\t\t\t\t\t<\/div>\n\t\t\t\t\t<\/div>\n\t\t<\/div>\n\t\t\t\t<div class=\"elementor-column elementor-col-50 elementor-top-column elementor-element elementor-element-9211319\" data-id=\"9211319\" data-element_type=\"column\">\n\t\t\t<div class=\"elementor-column-wrap elementor-element-populated\">\n\t\t\t\t\t\t\t<div class=\"elementor-widget-wrap\">\n\t\t\t\t\t\t<div class=\"elementor-element elementor-element-98bd063 elementor-widget elementor-widget-spacer\" data-id=\"98bd063\" data-element_type=\"widget\" data-widget_type=\"spacer.default\">\n\t\t\t\t<div class=\"elementor-widget-container\">\n\t\t\t\t\t<div class=\"elementor-spacer\">\n\t\t\t<div class=\"elementor-spacer-inner\"><\/div>\n\t\t<\/div>\n\t\t\t\t<\/div>\n\t\t\t\t<\/div>\n\t\t\t\t<div class=\"elementor-element elementor-element-a175ad9 elementor-widget elementor-widget-image\" data-id=\"a175ad9\" data-element_type=\"widget\" data-widget_type=\"image.default\">\n\t\t\t\t<div class=\"elementor-widget-container\">\n\t\t\t\t\t<div class=\"elementor-image\">\n\t\t\t\t\t\t\t\t\t\t<img width=\"2000\" height=\"1125\" src=\"https:\/\/miskinsaat.com\/wp-content\/uploads\/2020\/11\/6-1.jpg\" class=\"attachment-full size-full\" alt=\"\" loading=\"lazy\" srcset=\"https:\/\/miskinsaat.com\/wp-content\/uploads\/2020\/11\/6-1.jpg 2000w, https:\/\/miskinsaat.com\/wp-content\/uploads\/2020\/11\/6-1-300x169.jpg 300w, https:\/\/miskinsaat.com\/wp-content\/uploads\/2020\/11\/6-1-1024x576.jpg 1024w, https:\/\/miskinsaat.com\/wp-content\/uploads\/2020\/11\/6-1-768x432.jpg 768w, https:\/\/miskinsaat.com\/wp-content\/uploads\/2020\/11\/6-1-1536x864.jpg 1536w, https:\/\/miskinsaat.com\/wp-content\/uploads\/2020\/11\/6-1-1067x600.jpg 1067w, https:\/\/miskinsaat.com\/wp-content\/uploads\/2020\/11\/6-1-496x279.jpg 496w\" sizes=\"(max-width: 2000px) 100vw, 2000px\" \/>\t\t\t\t\t\t\t\t\t\t\t<\/div>\n\t\t\t\t<\/div>\n\t\t\t\t<\/div>\n\t\t\t\t\t\t<\/div>\n\t\t\t\t\t<\/div>\n\t\t<\/div>\n\t\t\t\t\t\t\t\t<\/div>\n\t\t\t\t\t<\/div>\n\t\t<\/section>\n\t\t\t\t<section class=\"elementor-section elementor-top-section elementor-element elementor-element-6d3176e elementor-section-boxed elementor-section-height-default elementor-section-height-default\" data-id=\"6d3176e\" data-element_type=\"section\">\n\t\t\t\t\t\t<div class=\"elementor-container elementor-column-gap-default\">\n\t\t\t\t\t\t\t<div class=\"elementor-row\">\n\t\t\t\t\t<div class=\"elementor-column elementor-col-100 elementor-top-column elementor-element elementor-element-241fdf9\" data-id=\"241fdf9\" data-element_type=\"column\">\n\t\t\t<div class=\"elementor-column-wrap elementor-element-populated\">\n\t\t\t\t\t\t\t<div class=\"elementor-widget-wrap\">\n\t\t\t\t\t\t<div class=\"elementor-element elementor-element-91f49ca elementor-widget elementor-widget-text-editor\" data-id=\"91f49ca\" data-element_type=\"widget\" data-widget_type=\"text-editor.default\">\n\t\t\t\t<div class=\"elementor-widget-container\">\n\t\t\t\t\t<div class=\"elementor-text-editor elementor-clearfix\"><h2>The Infrastructure in Basaksehir<\/h2><\/div>\n\t\t\t\t<\/div>\n\t\t\t\t<\/div>\n\t\t\t\t<div class=\"elementor-element elementor-element-303bcc3 elementor-widget elementor-widget-text-editor\" data-id=\"303bcc3\" data-element_type=\"widget\" data-widget_type=\"text-editor.default\">\n\t\t\t\t<div class=\"elementor-widget-container\">\n\t\t\t\t\t<div class=\"elementor-text-editor elementor-clearfix\"><p>One of the city&#8217;s most sophisticated infrastructure, the area of Basaksehir is a modern one with a modern and extensive structure.<\/p><p>Basaksehir has become one of the most attractive areas for both local and foreign investors, not only because of modern buildings with the highest standards of comfort and\u00a0well-being\u00a0but also because of the strong infrastructure, social, cultural, health and educational facilities that have characterized it from all other parts of Turkey. Making it a competitor to many of its European counterparts.<\/p><p>The area has also the second largest show yard in Istanbul and is used for many different events throughout the year. Theatrical performances, concerts, festivals and Ramadan celebrations are the highlights.<\/p><\/div>\n\t\t\t\t<\/div>\n\t\t\t\t<\/div>\n\t\t\t\t\t\t<\/div>\n\t\t\t\t\t<\/div>\n\t\t<\/div>\n\t\t\t\t\t\t\t\t<\/div>\n\t\t\t\t\t<\/div>\n\t\t<\/section>\n\t\t\t\t<section class=\"elementor-section elementor-top-section elementor-element elementor-element-7bb7fe8 elementor-section-boxed elementor-section-height-default elementor-section-height-default\" data-id=\"7bb7fe8\" data-element_type=\"section\">\n\t\t\t\t\t\t<div class=\"elementor-container elementor-column-gap-default\">\n\t\t\t\t\t\t\t<div class=\"elementor-row\">\n\t\t\t\t\t<div class=\"elementor-column elementor-col-100 elementor-top-column elementor-element elementor-element-5c06024\" data-id=\"5c06024\" data-element_type=\"column\">\n\t\t\t<div class=\"elementor-column-wrap elementor-element-populated\">\n\t\t\t\t\t\t\t<div class=\"elementor-widget-wrap\">\n\t\t\t\t\t\t<div class=\"elementor-element elementor-element-f06c69d elementor-widget elementor-widget-text-editor\" data-id=\"f06c69d\" data-element_type=\"widget\" data-widget_type=\"text-editor.default\">\n\t\t\t\t<div class=\"elementor-widget-container\">\n\t\t\t\t\t<div class=\"elementor-text-editor elementor-clearfix\"><h2>Investment Recommendation<\/h2><\/div>\n\t\t\t\t<\/div>\n\t\t\t\t<\/div>\n\t\t\t\t<div class=\"elementor-element elementor-element-601f2ec elementor-widget elementor-widget-text-editor\" data-id=\"601f2ec\" data-element_type=\"widget\" data-widget_type=\"text-editor.default\">\n\t\t\t\t<div class=\"elementor-widget-container\">\n\t\t\t\t\t<div class=\"elementor-text-editor elementor-clearfix\"><p>The study emphasized that real estate gains in Ba\u015fak\u015fehir District are expected to be above the average of the Turkey real estate profits for Istanbul properties during the coming period. Investors also recommending to invest in it before the completion of the infrastructure projects, noting that property prices will continue to rise in the district. Prices will reach its peak after the completion of the above-mentioned infrastructure projects.<\/p><\/div>\n\t\t\t\t<\/div>\n\t\t\t\t<\/div>\n\t\t\t\t\t\t<\/div>\n\t\t\t\t\t<\/div>\n\t\t<\/div>\n\t\t\t\t\t\t\t\t<\/div>\n\t\t\t\t\t<\/div>\n\t\t<\/section>\n\t\t\t\t<section class=\"elementor-section elementor-top-section elementor-element elementor-element-f48342c elementor-section-boxed elementor-section-height-default elementor-section-height-default\" data-id=\"f48342c\" data-element_type=\"section\">\n\t\t\t\t\t\t<div class=\"elementor-container elementor-column-gap-default\">\n\t\t\t\t\t\t\t<div class=\"elementor-row\">\n\t\t\t\t\t<div class=\"elementor-column elementor-col-100 elementor-top-column elementor-element elementor-element-fc1baae\" data-id=\"fc1baae\" data-element_type=\"column\">\n\t\t\t<div class=\"elementor-column-wrap elementor-element-populated\">\n\t\t\t\t\t\t\t<div class=\"elementor-widget-wrap\">\n\t\t\t\t\t\t<div class=\"elementor-element elementor-element-385f1b5 elementor-widget elementor-widget-text-editor\" data-id=\"385f1b5\" data-element_type=\"widget\" data-widget_type=\"text-editor.default\">\n\t\t\t\t<div class=\"elementor-widget-container\">\n\t\t\t\t\t<div class=\"elementor-text-editor elementor-clearfix\"><h2>Rise in the Property\u2019s Prices in Ba\u015fak\u015fehir<\/h2><\/div>\n\t\t\t\t<\/div>\n\t\t\t\t<\/div>\n\t\t\t\t<div class=\"elementor-element elementor-element-3ad2bd0 elementor-widget elementor-widget-text-editor\" data-id=\"3ad2bd0\" data-element_type=\"widget\" data-widget_type=\"text-editor.default\">\n\t\t\t\t<div class=\"elementor-widget-container\">\n\t\t\t\t\t<div class=\"elementor-text-editor elementor-clearfix\"><p>Istanbul&#8217;s mega-projects such as Istanbul\u2019s Third Airport and Istanbul\u2019s Third Bridge have led to an increase of %27 in the real estate prices in Ba\u015fak\u015fehir district over the past year. The cumulative rise in the real estate prices over the last two years in the district to 47%. The study also added that Ba\u015fak\u015fehir district will enter within the first five districts expected to rise in prices after the completion of the mega-projects mentioned above.<\/p><p>It is expected that the real estate prices in the region will continue to rise after the completion of these projects, especially the region is hosting the Bio-Istanbul project, the Medical City complex, which is the biggest medical city in Europe and includes scientific and educational research and development units, Hospitality units, commercial units, cultural centers and conference centers, which will contribute to local and foreign tourism in the region. The study also confirmed that the district is considered one of the biggest housing districts in Istanbul, and also it is one of the preferred areas by investors enjoying the medium and high economic level, moreover, it is a rich district in terms of land reserves, and that the Turkey real estate projects will continue to increase rapidly.<\/p><\/div>\n\t\t\t\t<\/div>\n\t\t\t\t<\/div>\n\t\t\t\t\t\t<\/div>\n\t\t\t\t\t<\/div>\n\t\t<\/div>\n\t\t\t\t\t\t\t\t<\/div>\n\t\t\t\t\t<\/div>\n\t\t<\/section>\n\t\t\t\t\t\t<\/div>\n\t\t\t\t\t\t<\/div>\n\t\t\t\t\t<\/div>\n\t\t","protected":false},"excerpt":{"rendered":"<p>Ba\u015fak\u015fehir Located on the European side of Istanbul, Ba\u015fak\u015fehir district has a very modern and sophisticated infrastructure that attracts local and foreign investors from all parts of the world. It is one of the most vital areas on the European side of Istanbul, which consists of 39 (municipal) districts, spread between the European and Asian [&hellip;]<\/p>\n","protected":false},"author":1,"featured_media":0,"parent":0,"menu_order":0,"comment_status":"closed","ping_status":"closed","template":"elementor_header_footer","meta":[],"yoast_head":"<!-- This site is optimized with the Yoast SEO plugin v15.5 - https:\/\/yoast.com\/wordpress\/plugins\/seo\/ -->\n<title>Ba\u015fak\u015fehir, it has a very modern infrastructur| Misk \u0130n\u015faat<\/title>\n<meta name=\"description\" content=\"Ba\u015fak\u015fehir district has a very modern and sophisticated infrastructure that attracts local and foreign investors from all parts of the world.\" \/>\n<meta name=\"robots\" content=\"index, follow, max-snippet:-1, max-image-preview:large, max-video-preview:-1\" \/>\n<link rel=\"canonical\" href=\"https:\/\/miskinsaat.com\/en\/basaksehir\/\" \/>\n<meta property=\"og:locale\" content=\"en_US\" \/>\n<meta property=\"og:type\" content=\"article\" \/>\n<meta property=\"og:title\" content=\"Ba\u015fak\u015fehir, it has a very modern infrastructur| Misk \u0130n\u015faat\" \/>\n<meta property=\"og:description\" content=\"Ba\u015fak\u015fehir district has a very modern and sophisticated infrastructure that attracts local and foreign investors from all parts of the world.\" \/>\n<meta property=\"og:url\" content=\"https:\/\/miskinsaat.com\/basaksehir\/\" \/>\n<meta property=\"og:site_name\" content=\"Misk \u0130n\u015faat\" \/>\n<meta property=\"article:publisher\" content=\"https:\/\/www.facebook.com\/miskinsaat\" \/>\n<meta property=\"article:modified_time\" content=\"2021-02-02T08:24:26+00:00\" \/>\n<meta property=\"og:image\" content=\"https:\/\/miskinsaat.com\/wp-content\/uploads\/2020\/11\/6-1.jpg\" \/>\n<meta name=\"twitter:card\" content=\"summary_large_image\" \/>\n<meta name=\"twitter:label1\" content=\"Est. reading time\">\n\t<meta name=\"twitter:data1\" content=\"2 minutes\">\n<script type=\"application\/ld+json\" class=\"yoast-schema-graph\">{\"@context\":\"https:\/\/schema.org\",\"@graph\":[{\"@type\":\"Organization\",\"@id\":\"https:\/\/miskinsaat.com\/#organization\",\"name\":\"Misk In\\u015faat\",\"url\":\"https:\/\/miskinsaat.com\/\",\"sameAs\":[\"https:\/\/www.facebook.com\/miskinsaat\",\"https:\/\/www.instagram.com\/misk_insaat\"],\"logo\":{\"@type\":\"ImageObject\",\"@id\":\"https:\/\/miskinsaat.com\/#logo\",\"inLanguage\":\"en-US\",\"url\":\"https:\/\/miskinsaat.com\/wp-content\/uploads\/2020\/11\/Asset-1-8.png\",\"width\":805,\"height\":135,\"caption\":\"Misk In\\u015faat\"},\"image\":{\"@id\":\"https:\/\/miskinsaat.com\/#logo\"}},{\"@type\":\"WebSite\",\"@id\":\"https:\/\/miskinsaat.com\/#website\",\"url\":\"https:\/\/miskinsaat.com\/\",\"name\":\"Misk \\u0130n\\u015faat\",\"description\":\"\",\"publisher\":{\"@id\":\"https:\/\/miskinsaat.com\/#organization\"},\"potentialAction\":[{\"@type\":\"SearchAction\",\"target\":\"https:\/\/miskinsaat.com\/?s={search_term_string}\",\"query-input\":\"required name=search_term_string\"}],\"inLanguage\":\"en-US\"},{\"@type\":\"ImageObject\",\"@id\":\"https:\/\/miskinsaat.com\/basaksehir\/#primaryimage\",\"inLanguage\":\"en-US\",\"url\":\"https:\/\/miskinsaat.com\/wp-content\/uploads\/2020\/11\/6-1.jpg\",\"width\":2000,\"height\":1125},{\"@type\":\"WebPage\",\"@id\":\"https:\/\/miskinsaat.com\/basaksehir\/#webpage\",\"url\":\"https:\/\/miskinsaat.com\/basaksehir\/\",\"name\":\"Ba\\u015fak\\u015fehir, it has a very modern infrastructur| Misk \\u0130n\\u015faat\",\"isPartOf\":{\"@id\":\"https:\/\/miskinsaat.com\/#website\"},\"primaryImageOfPage\":{\"@id\":\"https:\/\/miskinsaat.com\/basaksehir\/#primaryimage\"},\"datePublished\":\"2020-11-09T11:30:57+00:00\",\"dateModified\":\"2021-02-02T08:24:26+00:00\",\"description\":\"Ba\\u015fak\\u015fehir district has a very modern and sophisticated infrastructure that attracts local and foreign investors from all parts of the world.\",\"inLanguage\":\"en-US\",\"potentialAction\":[{\"@type\":\"ReadAction\",\"target\":[\"https:\/\/miskinsaat.com\/basaksehir\/\"]}]}]}<\/script>\n<!-- \/ Yoast SEO plugin. -->","_links":{"self":[{"href":"https:\/\/miskinsaat.com\/en\/wp-json\/wp\/v2\/pages\/17765"}],"collection":[{"href":"https:\/\/miskinsaat.com\/en\/wp-json\/wp\/v2\/pages"}],"about":[{"href":"https:\/\/miskinsaat.com\/en\/wp-json\/wp\/v2\/types\/page"}],"author":[{"embeddable":true,"href":"https:\/\/miskinsaat.com\/en\/wp-json\/wp\/v2\/users\/1"}],"replies":[{"embeddable":true,"href":"https:\/\/miskinsaat.com\/en\/wp-json\/wp\/v2\/comments?post=17765"}],"version-history":[{"count":23,"href":"https:\/\/miskinsaat.com\/en\/wp-json\/wp\/v2\/pages\/17765\/revisions"}],"predecessor-version":[{"id":19248,"href":"https:\/\/miskinsaat.com\/en\/wp-json\/wp\/v2\/pages\/17765\/revisions\/19248"}],"wp:attachment":[{"href":"https:\/\/miskinsaat.com\/en\/wp-json\/wp\/v2\/media?parent=17765"}],"curies":[{"name":"wp","href":"https:\/\/api.w.org\/{rel}","templated":true}]}}