{"id":18119,"date":"2020-11-26T16:16:31","date_gmt":"2020-11-26T16:16:31","guid":{"rendered":"https:\/\/miskinsaat.com\/?page_id=18119"},"modified":"2020-12-04T11:16:58","modified_gmt":"2020-12-04T11:16:58","slug":"buyukcekmece","status":"publish","type":"page","link":"https:\/\/miskinsaat.com\/en\/buyukcekmece\/","title":{"rendered":"B\u00fcy\u00fck\u00e7ekmece"},"content":{"rendered":"\t\t<div data-elementor-type=\"wp-page\" data-elementor-id=\"18119\" class=\"elementor elementor-18119\" data-elementor-settings=\"[]\">\n\t\t\t\t\t\t<div class=\"elementor-inner\">\n\t\t\t\t\t\t\t<div class=\"elementor-section-wrap\">\n\t\t\t\t\t\t\t<section class=\"elementor-section elementor-top-section elementor-element elementor-element-5b81e21 elementor-section-height-min-height animated-slow elementor-section-boxed elementor-section-height-default elementor-section-items-middle elementor-invisible\" data-id=\"5b81e21\" data-element_type=\"section\" data-settings=\"{&quot;background_background&quot;:&quot;classic&quot;,&quot;animation&quot;:&quot;fadeIn&quot;}\">\n\t\t\t\t\t\t\t<div class=\"elementor-background-overlay\"><\/div>\n\t\t\t\t\t\t\t<div class=\"elementor-container elementor-column-gap-default\">\n\t\t\t\t\t\t\t<div class=\"elementor-row\">\n\t\t\t\t\t<div class=\"elementor-column elementor-col-100 elementor-top-column elementor-element elementor-element-ad367f8\" data-id=\"ad367f8\" data-element_type=\"column\">\n\t\t\t<div class=\"elementor-column-wrap elementor-element-populated\">\n\t\t\t\t\t\t\t<div class=\"elementor-widget-wrap\">\n\t\t\t\t\t\t<div class=\"elementor-element elementor-element-0e7939f elementor-widget elementor-widget-heading\" data-id=\"0e7939f\" data-element_type=\"widget\" data-widget_type=\"heading.default\">\n\t\t\t\t<div class=\"elementor-widget-container\">\n\t\t\t<h1 class=\"elementor-heading-title elementor-size-default\"><a href=\"https:\/\/miskinsaat.com\/buyukcekmece\/\">B\u00fcy\u00fck\u00e7ekmece<\/a><\/h1>\t\t<\/div>\n\t\t\t\t<\/div>\n\t\t\t\t\t\t<\/div>\n\t\t\t\t\t<\/div>\n\t\t<\/div>\n\t\t\t\t\t\t\t\t<\/div>\n\t\t\t\t\t<\/div>\n\t\t<\/section>\n\t\t\t\t<section class=\"elementor-section elementor-top-section elementor-element elementor-element-75266e5 elementor-section-boxed elementor-section-height-default elementor-section-height-default\" data-id=\"75266e5\" data-element_type=\"section\">\n\t\t\t\t\t\t<div class=\"elementor-container elementor-column-gap-default\">\n\t\t\t\t\t\t\t<div class=\"elementor-row\">\n\t\t\t\t\t<div class=\"elementor-column elementor-col-100 elementor-top-column elementor-element elementor-element-3cd93c6\" data-id=\"3cd93c6\" data-element_type=\"column\">\n\t\t\t<div class=\"elementor-column-wrap elementor-element-populated\">\n\t\t\t\t\t\t\t<div class=\"elementor-widget-wrap\">\n\t\t\t\t\t\t<div class=\"elementor-element elementor-element-1a3a7b0 elementor-widget elementor-widget-spacer\" data-id=\"1a3a7b0\" data-element_type=\"widget\" data-widget_type=\"spacer.default\">\n\t\t\t\t<div class=\"elementor-widget-container\">\n\t\t\t\t\t<div class=\"elementor-spacer\">\n\t\t\t<div class=\"elementor-spacer-inner\"><\/div>\n\t\t<\/div>\n\t\t\t\t<\/div>\n\t\t\t\t<\/div>\n\t\t\t\t\t\t<\/div>\n\t\t\t\t\t<\/div>\n\t\t<\/div>\n\t\t\t\t\t\t\t\t<\/div>\n\t\t\t\t\t<\/div>\n\t\t<\/section>\n\t\t\t\t<section class=\"elementor-section elementor-top-section elementor-element elementor-element-a091cf8 elementor-section-boxed elementor-section-height-default elementor-section-height-default\" data-id=\"a091cf8\" data-element_type=\"section\">\n\t\t\t\t\t\t<div class=\"elementor-container elementor-column-gap-default\">\n\t\t\t\t\t\t\t<div class=\"elementor-row\">\n\t\t\t\t\t<div class=\"elementor-column elementor-col-66 elementor-top-column elementor-element elementor-element-4d14ec5\" data-id=\"4d14ec5\" data-element_type=\"column\">\n\t\t\t<div class=\"elementor-column-wrap elementor-element-populated\">\n\t\t\t\t\t\t\t<div class=\"elementor-widget-wrap\">\n\t\t\t\t\t\t<div class=\"elementor-element elementor-element-98bd063 elementor-widget elementor-widget-spacer\" data-id=\"98bd063\" data-element_type=\"widget\" data-widget_type=\"spacer.default\">\n\t\t\t\t<div class=\"elementor-widget-container\">\n\t\t\t\t\t<div class=\"elementor-spacer\">\n\t\t\t<div class=\"elementor-spacer-inner\"><\/div>\n\t\t<\/div>\n\t\t\t\t<\/div>\n\t\t\t\t<\/div>\n\t\t\t\t<div class=\"elementor-element elementor-element-0f807f2 elementor-widget elementor-widget-text-editor\" data-id=\"0f807f2\" data-element_type=\"widget\" data-widget_type=\"text-editor.default\">\n\t\t\t\t<div class=\"elementor-widget-container\">\n\t\t\t\t\t<div class=\"elementor-text-editor elementor-clearfix\"><p>B\u00fcy\u00fck\u00e7ekmece is considered one of the most important and modern areas of Greater Istanbul, comprising 39 districts managed by its own municipalities. it is located in the European part of Istanbul and is located parallel to the coast of the Sea of Marmara, allowing it to play a significant role in the development of Istanbul in general, because of its relatively large area compared to other areas.<br \/>The area has a total of 265 schools, comprising 2282 classrooms, serving more than 52,000 students and employing about 2225 teachers. It has three institutes, adjacent to 3 institutes, one university, in addition to many branches for two universities.<br \/>There are more than 240 health facilities, which are distributed among public hospitals, university hospitals, inclusive clinics, medical clinics, In addition to private hospitals, where the area is one of the healthy areas, and reached the advanced levels in Turkey and Europe alike, in terms of medical facilities.<\/p><\/div>\n\t\t\t\t<\/div>\n\t\t\t\t<\/div>\n\t\t\t\t\t\t<\/div>\n\t\t\t\t\t<\/div>\n\t\t<\/div>\n\t\t\t\t<div class=\"elementor-column elementor-col-33 elementor-top-column elementor-element elementor-element-9211319\" data-id=\"9211319\" data-element_type=\"column\">\n\t\t\t<div class=\"elementor-column-wrap elementor-element-populated\">\n\t\t\t\t\t\t\t<div class=\"elementor-widget-wrap\">\n\t\t\t\t\t\t<div class=\"elementor-element elementor-element-c6c743e elementor-widget elementor-widget-spacer\" data-id=\"c6c743e\" data-element_type=\"widget\" data-widget_type=\"spacer.default\">\n\t\t\t\t<div class=\"elementor-widget-container\">\n\t\t\t\t\t<div class=\"elementor-spacer\">\n\t\t\t<div class=\"elementor-spacer-inner\"><\/div>\n\t\t<\/div>\n\t\t\t\t<\/div>\n\t\t\t\t<\/div>\n\t\t\t\t<div class=\"elementor-element elementor-element-a175ad9 elementor-widget elementor-widget-image\" data-id=\"a175ad9\" data-element_type=\"widget\" data-widget_type=\"image.default\">\n\t\t\t\t<div class=\"elementor-widget-container\">\n\t\t\t\t\t<div class=\"elementor-image\">\n\t\t\t\t\t\t\t\t\t\t<img width=\"1024\" height=\"665\" src=\"https:\/\/miskinsaat.com\/wp-content\/uploads\/2020\/11\/buyukcekmece.jpg\" class=\"attachment-full size-full\" alt=\"\" loading=\"lazy\" srcset=\"https:\/\/miskinsaat.com\/wp-content\/uploads\/2020\/11\/buyukcekmece.jpg 1024w, https:\/\/miskinsaat.com\/wp-content\/uploads\/2020\/11\/buyukcekmece-300x195.jpg 300w, https:\/\/miskinsaat.com\/wp-content\/uploads\/2020\/11\/buyukcekmece-768x499.jpg 768w, https:\/\/miskinsaat.com\/wp-content\/uploads\/2020\/11\/buyukcekmece-924x600.jpg 924w, https:\/\/miskinsaat.com\/wp-content\/uploads\/2020\/11\/buyukcekmece-496x322.jpg 496w\" sizes=\"(max-width: 1024px) 100vw, 1024px\" \/>\t\t\t\t\t\t\t\t\t\t\t<\/div>\n\t\t\t\t<\/div>\n\t\t\t\t<\/div>\n\t\t\t\t\t\t<\/div>\n\t\t\t\t\t<\/div>\n\t\t<\/div>\n\t\t\t\t\t\t\t\t<\/div>\n\t\t\t\t\t<\/div>\n\t\t<\/section>\n\t\t\t\t<section class=\"elementor-section elementor-top-section elementor-element elementor-element-6d3176e elementor-section-boxed elementor-section-height-default elementor-section-height-default\" data-id=\"6d3176e\" data-element_type=\"section\">\n\t\t\t\t\t\t<div class=\"elementor-container elementor-column-gap-default\">\n\t\t\t\t\t\t\t<div class=\"elementor-row\">\n\t\t\t\t\t<div class=\"elementor-column elementor-col-100 elementor-top-column elementor-element elementor-element-241fdf9\" data-id=\"241fdf9\" data-element_type=\"column\">\n\t\t\t<div class=\"elementor-column-wrap elementor-element-populated\">\n\t\t\t\t\t\t\t<div class=\"elementor-widget-wrap\">\n\t\t\t\t\t\t<div class=\"elementor-element elementor-element-f06c69d elementor-widget elementor-widget-text-editor\" data-id=\"f06c69d\" data-element_type=\"widget\" data-widget_type=\"text-editor.default\">\n\t\t\t\t<div class=\"elementor-widget-container\">\n\t\t\t\t\t<div class=\"elementor-text-editor elementor-clearfix\"><h2 id=\"mcetoc_1e8udhkmkd\">Real Estate Investment in B\u00fcy\u00fck\u00e7ekmece:<\/h2><\/div>\n\t\t\t\t<\/div>\n\t\t\t\t<\/div>\n\t\t\t\t<div class=\"elementor-element elementor-element-3ad2bd0 elementor-widget elementor-widget-text-editor\" data-id=\"3ad2bd0\" data-element_type=\"widget\" data-widget_type=\"text-editor.default\">\n\t\t\t\t<div class=\"elementor-widget-container\">\n\t\t\t\t\t<div class=\"elementor-text-editor elementor-clearfix\"><p>B\u00fcy\u00fck\u00e7ekmece is experiencing an unmistakable urban renaissance, paralleled by the real estate revolution in Turkey and the turnout of investors from all over the world to stay, invest or get Turkish citizenship. Thus, the region has gained importance and popularity of its properties and beauty and is affected by its surroundings, such as the Silivri region, Esenyurt area, and Beylikduzu.<\/p><p>The region&#8217;s economy relies mainly on tourism, trading, and real estate, in addition to its geographical location as it extends over wide green areas, near Marmara Sea and B\u00fcy\u00fck\u00e7ekmece lake, and between the main highways, and these reasons made it one of the most important investment regions in the city, as in recent years, it attracted many instruction companies to build residential and investment projects, in addition to villas with a sea view.<\/p><\/div>\n\t\t\t\t<\/div>\n\t\t\t\t<\/div>\n\t\t\t\t\t\t<\/div>\n\t\t\t\t\t<\/div>\n\t\t<\/div>\n\t\t\t\t\t\t\t\t<\/div>\n\t\t\t\t\t<\/div>\n\t\t<\/section>\n\t\t\t\t<section class=\"elementor-section elementor-top-section elementor-element elementor-element-5f37429 elementor-section-boxed elementor-section-height-default elementor-section-height-default\" data-id=\"5f37429\" data-element_type=\"section\">\n\t\t\t\t\t\t<div class=\"elementor-container elementor-column-gap-default\">\n\t\t\t\t\t\t\t<div class=\"elementor-row\">\n\t\t\t\t\t<div class=\"elementor-column elementor-col-100 elementor-top-column elementor-element elementor-element-11d37b1\" data-id=\"11d37b1\" data-element_type=\"column\">\n\t\t\t<div class=\"elementor-column-wrap\">\n\t\t\t\t\t\t\t<div class=\"elementor-widget-wrap\">\n\t\t\t\t\t\t\t\t<\/div>\n\t\t\t\t\t<\/div>\n\t\t<\/div>\n\t\t\t\t\t\t\t\t<\/div>\n\t\t\t\t\t<\/div>\n\t\t<\/section>\n\t\t\t\t\t\t<\/div>\n\t\t\t\t\t\t<\/div>\n\t\t\t\t\t<\/div>\n\t\t","protected":false},"excerpt":{"rendered":"<p>B\u00fcy\u00fck\u00e7ekmece B\u00fcy\u00fck\u00e7ekmece is considered one of the most important and modern areas of Greater Istanbul, comprising 39 districts managed by its own municipalities. it is located in the European part of Istanbul and is located parallel to the coast of the Sea of Marmara, allowing it to play a significant role in the development of [&hellip;]<\/p>\n","protected":false},"author":1,"featured_media":0,"parent":0,"menu_order":0,"comment_status":"closed","ping_status":"closed","template":"elementor_header_footer","meta":[],"yoast_head":"<!-- This site is optimized with the Yoast SEO plugin v15.5 - https:\/\/yoast.com\/wordpress\/plugins\/seo\/ -->\n<title>B\u00fcy\u00fck\u00e7ekmece, the most important area in Istanbul | Misk \u0130n\u015faat<\/title>\n<meta name=\"description\" content=\"B\u00fcy\u00fck\u00e7ekmece is considered one of the most important and modern areas of Greater Istanbul, | Misk \u0130n\u015faat\" \/>\n<meta name=\"robots\" content=\"index, follow, max-snippet:-1, max-image-preview:large, max-video-preview:-1\" \/>\n<link rel=\"canonical\" href=\"https:\/\/miskinsaat.com\/en\/buyukcekmece\/\" \/>\n<meta property=\"og:locale\" content=\"en_US\" \/>\n<meta property=\"og:type\" content=\"article\" \/>\n<meta property=\"og:title\" content=\"B\u00fcy\u00fck\u00e7ekmece, the most important area in Istanbul | Misk \u0130n\u015faat\" \/>\n<meta property=\"og:description\" content=\"B\u00fcy\u00fck\u00e7ekmece is considered one of the most important and modern areas of Greater Istanbul, | Misk \u0130n\u015faat\" \/>\n<meta property=\"og:url\" content=\"https:\/\/miskinsaat.com\/buyukcekmece\/\" \/>\n<meta property=\"og:site_name\" content=\"Misk \u0130n\u015faat\" \/>\n<meta property=\"article:publisher\" content=\"https:\/\/www.facebook.com\/miskinsaat\" \/>\n<meta property=\"article:modified_time\" content=\"2020-12-04T11:16:58+00:00\" \/>\n<meta property=\"og:image\" content=\"https:\/\/miskinsaat.com\/wp-content\/uploads\/2020\/11\/buyukcekmece.jpg\" \/>\n<meta name=\"twitter:card\" content=\"summary_large_image\" \/>\n<meta name=\"twitter:label1\" content=\"Est. reading time\">\n\t<meta name=\"twitter:data1\" content=\"1 minute\">\n<script type=\"application\/ld+json\" class=\"yoast-schema-graph\">{\"@context\":\"https:\/\/schema.org\",\"@graph\":[{\"@type\":\"Organization\",\"@id\":\"https:\/\/miskinsaat.com\/#organization\",\"name\":\"Misk In\\u015faat\",\"url\":\"https:\/\/miskinsaat.com\/\",\"sameAs\":[\"https:\/\/www.facebook.com\/miskinsaat\",\"https:\/\/www.instagram.com\/misk_insaat\"],\"logo\":{\"@type\":\"ImageObject\",\"@id\":\"https:\/\/miskinsaat.com\/#logo\",\"inLanguage\":\"en-US\",\"url\":\"https:\/\/miskinsaat.com\/wp-content\/uploads\/2020\/11\/Asset-1-8.png\",\"width\":805,\"height\":135,\"caption\":\"Misk In\\u015faat\"},\"image\":{\"@id\":\"https:\/\/miskinsaat.com\/#logo\"}},{\"@type\":\"WebSite\",\"@id\":\"https:\/\/miskinsaat.com\/#website\",\"url\":\"https:\/\/miskinsaat.com\/\",\"name\":\"Misk \\u0130n\\u015faat\",\"description\":\"\",\"publisher\":{\"@id\":\"https:\/\/miskinsaat.com\/#organization\"},\"potentialAction\":[{\"@type\":\"SearchAction\",\"target\":\"https:\/\/miskinsaat.com\/?s={search_term_string}\",\"query-input\":\"required name=search_term_string\"}],\"inLanguage\":\"en-US\"},{\"@type\":\"ImageObject\",\"@id\":\"https:\/\/miskinsaat.com\/buyukcekmece\/#primaryimage\",\"inLanguage\":\"en-US\",\"url\":\"https:\/\/miskinsaat.com\/wp-content\/uploads\/2020\/11\/buyukcekmece.jpg\",\"width\":1024,\"height\":665},{\"@type\":\"WebPage\",\"@id\":\"https:\/\/miskinsaat.com\/buyukcekmece\/#webpage\",\"url\":\"https:\/\/miskinsaat.com\/buyukcekmece\/\",\"name\":\"B\\u00fcy\\u00fck\\u00e7ekmece, the most important area in Istanbul | Misk \\u0130n\\u015faat\",\"isPartOf\":{\"@id\":\"https:\/\/miskinsaat.com\/#website\"},\"primaryImageOfPage\":{\"@id\":\"https:\/\/miskinsaat.com\/buyukcekmece\/#primaryimage\"},\"datePublished\":\"2020-11-26T16:16:31+00:00\",\"dateModified\":\"2020-12-04T11:16:58+00:00\",\"description\":\"B\\u00fcy\\u00fck\\u00e7ekmece is considered one of the most important and modern areas of Greater Istanbul, | Misk \\u0130n\\u015faat\",\"inLanguage\":\"en-US\",\"potentialAction\":[{\"@type\":\"ReadAction\",\"target\":[\"https:\/\/miskinsaat.com\/buyukcekmece\/\"]}]}]}<\/script>\n<!-- \/ Yoast SEO plugin. -->","_links":{"self":[{"href":"https:\/\/miskinsaat.com\/en\/wp-json\/wp\/v2\/pages\/18119"}],"collection":[{"href":"https:\/\/miskinsaat.com\/en\/wp-json\/wp\/v2\/pages"}],"about":[{"href":"https:\/\/miskinsaat.com\/en\/wp-json\/wp\/v2\/types\/page"}],"author":[{"embeddable":true,"href":"https:\/\/miskinsaat.com\/en\/wp-json\/wp\/v2\/users\/1"}],"replies":[{"embeddable":true,"href":"https:\/\/miskinsaat.com\/en\/wp-json\/wp\/v2\/comments?post=18119"}],"version-history":[{"count":8,"href":"https:\/\/miskinsaat.com\/en\/wp-json\/wp\/v2\/pages\/18119\/revisions"}],"predecessor-version":[{"id":18170,"href":"https:\/\/miskinsaat.com\/en\/wp-json\/wp\/v2\/pages\/18119\/revisions\/18170"}],"wp:attachment":[{"href":"https:\/\/miskinsaat.com\/en\/wp-json\/wp\/v2\/media?parent=18119"}],"curies":[{"name":"wp","href":"https:\/\/api.w.org\/{rel}","templated":true}]}}